{"id":179,"date":"2025-03-18T13:31:38","date_gmt":"2025-03-18T13:31:38","guid":{"rendered":"https:\/\/praxis-im-wiemannshof.de\/?page_id=179"},"modified":"2025-05-25T09:26:06","modified_gmt":"2025-05-25T09:26:06","slug":"angebot","status":"publish","type":"page","link":"https:\/\/praxis-im-wiemannshof.de\/index.php\/angebot\/","title":{"rendered":"Angebot"},"content":{"rendered":"<p>[et_pb_section fb_built=&#8220;1&#8243; custom_padding_last_edited=&#8220;on|desktop&#8220; admin_label=&#8220;Intro&#8220; _builder_version=&#8220;4.27.0&#8243; background_image=&#8220;https:\/\/praxis-im-wiemannshof.de\/wp-content\/uploads\/2020\/11\/praxis-im-wiemannshof.jpg&#8220; height=&#8220;350px&#8220; custom_margin=&#8220;40px|40px|-200px|40px|false|true&#8220; custom_margin_tablet=&#8220;&#8220; custom_margin_phone=&#8220;20px|20px||20px|false|true&#8220; custom_margin_last_edited=&#8220;on|desktop&#8220; custom_padding=&#8220;100px|0px|0px|||&#8220; custom_padding_tablet=&#8220;40px||||false|false&#8220; custom_padding_phone=&#8220;&#8220; bottom_divider_color=&#8220;#E09900&#8243; border_radii_phone=&#8220;on|20px|20px|20px|20px&#8220; border_radii_last_edited=&#8220;off|desktop&#8220; global_colors_info=&#8220;{}&#8220;][\/et_pb_section][et_pb_section fb_built=&#8220;1&#8243; admin_label=&#8220;Leistungen&#8220; _builder_version=&#8220;4.27.0&#8243; background_color=&#8220;rgba(0,0,0,0)&#8220; custom_margin=&#8220;|40px||40px|false|true&#8220; custom_margin_tablet=&#8220;&#8220; custom_margin_phone=&#8220;|20px||20px|false|true&#8220; custom_margin_last_edited=&#8220;on|tablet&#8220; custom_padding=&#8220;0px||50px||false|false&#8220; collapsed=&#8220;off&#8220; global_colors_info=&#8220;{}&#8220;][et_pb_row custom_padding_last_edited=&#8220;on|desktop&#8220; admin_label=&#8220;Zeile&#8220; _builder_version=&#8220;4.27.0&#8243; background_color=&#8220;#ffffff&#8220; z_index=&#8220;0&#8243; width_tablet=&#8220;90%&#8220; width_phone=&#8220;90%&#8220; width_last_edited=&#8220;on|desktop&#8220; max_width=&#8220;1200px&#8220; overflow-x=&#8220;visible&#8220; overflow-y=&#8220;visible&#8220; custom_margin=&#8220;-30px|auto||auto|false|false&#8220; custom_padding=&#8220;0px|60px|60px|90px|false|false&#8220; custom_padding_tablet=&#8220;|||60px|false|false&#8220; custom_padding_phone=&#8220;|20px||20px|false|true&#8220; box_shadow_style=&#8220;preset3&#8243; box_shadow_vertical=&#8220;0px&#8220; box_shadow_blur=&#8220;50px&#8220; box_shadow_spread=&#8220;0px&#8220; box_shadow_color=&#8220;rgba(131,146,167,0.5)&#8220; global_colors_info=&#8220;{}&#8220; width__hover_enabled=&#8220;off&#8220;][et_pb_column type=&#8220;4_4&#8243; _builder_version=&#8220;4.27.0&#8243; custom_padding=&#8220;48px||||false|false&#8220; global_colors_info=&#8220;{}&#8220;][et_pb_text admin_label=&#8220;Text&#8220; _builder_version=&#8220;4.27.0&#8243; text_font=&#8220;|300|||||||&#8220; text_line_height=&#8220;1.8em&#8220; header_font_size=&#8220;60px&#8220; header_2_font=&#8220;Taviraj||||||||&#8220; header_2_font_size=&#8220;46px&#8220; header_2_line_height=&#8220;1.2em&#8220; custom_padding=&#8220;||||false|false&#8220; custom_padding_tablet=&#8220;|30px||50px|true|false&#8220; custom_padding_phone=&#8220;|30px|||true|false&#8220; custom_padding_last_edited=&#8220;off|tablet&#8220; text_font_size_tablet=&#8220;&#8220; text_font_size_phone=&#8220;15px&#8220; text_font_size_last_edited=&#8220;on|desktop&#8220; header_2_font_size_tablet=&#8220;40px&#8220; header_2_font_size_phone=&#8220;30px&#8220; header_2_font_size_last_edited=&#8220;on|phone&#8220; global_colors_info=&#8220;{}&#8220;]<\/p>\n<h1>Angebot<\/h1>\n<p>[\/et_pb_text][et_pb_text _builder_version=&#8220;4.27.0&#8243; text_font=&#8220;||||||||&#8220; text_line_height=&#8220;1.8em&#8220; header_2_font=&#8220;Taviraj||||||||&#8220; header_2_font_size=&#8220;46px&#8220; header_2_line_height=&#8220;1.2em&#8220; custom_padding=&#8220;||||false|false&#8220; custom_padding_tablet=&#8220;|30px||50px|true|false&#8220; custom_padding_phone=&#8220;|30px|||true|false&#8220; custom_padding_last_edited=&#8220;off|tablet&#8220; text_font_size_tablet=&#8220;&#8220; text_font_size_phone=&#8220;15px&#8220; text_font_size_last_edited=&#8220;on|desktop&#8220; header_2_font_size_tablet=&#8220;40px&#8220; header_2_font_size_phone=&#8220;30px&#8220; header_2_font_size_last_edited=&#8220;on|phone&#8220; global_colors_info=&#8220;{}&#8220;]<\/p>\n<p>In diesem Bereich finden Sie Informationen zum Angebot und Ablauf der diagnostischen und therapeutischen Leistungen sowie wichtige Hinweise. Ich biete eine individuelle Begleitung an, die auf die Bed\u00fcrfnisse von Kindern und Jugendlichen abgestimmt ist.<\/p>\n<div><\/div>\n<div><\/div>\n<div><\/div>\n<p>[\/et_pb_text][\/et_pb_column][\/et_pb_row][\/et_pb_section][et_pb_section fb_built=&#8220;1&#8243; specialty=&#8220;on&#8220; padding_left_2=&#8220;30px&#8220; padding_top_bottom_link_2=&#8220;false&#8220; padding_left_right_link_2=&#8220;false&#8220; padding_2_tablet=&#8220;&#8220; padding_2_phone=&#8220;|||0px|false|false&#8220; padding_1_last_edited=&#8220;off|desktop&#8220; padding_2_last_edited=&#8220;on|phone&#8220; _builder_version=&#8220;4.27.0&#8243; _module_preset=&#8220;default&#8220; custom_padding=&#8220;0px|||0px|false|false&#8220; collapsed=&#8220;off&#8220; global_colors_info=&#8220;{}&#8220;][et_pb_column type=&#8220;1_2&#8243; _builder_version=&#8220;4.16&#8243; custom_padding=&#8220;|||&#8220; global_colors_info=&#8220;{}&#8220; custom_padding__hover=&#8220;|||&#8220;][et_pb_toggle title=&#8220;Diagnostik&#8220; open_icon_color=&#8220;#cbbb9f&#8220; _builder_version=&#8220;4.27.0&#8243; _module_preset=&#8220;6d8c894a-8b5e-4db8-8c10-3449ab3ac8a5&#8243; global_colors_info=&#8220;{}&#8220;]<\/p>\n<p>Im Rahmen der Diagnostik geht es darum, zu kl\u00e4ren, ob ein psychisches oder psychiatrisches St\u00f6rungsbild vorliegt. Dies beginnt mit einem Erstgespr\u00e4ch, bei dem die Anamnese des betroffenen Kindes oder Jugendlichen erhoben wird. Dieser diagnostische Prozess erfolgt in der Regel vormittags und umfasst mehrere Termine, um das Kind oder den Jugendlichen besser kennenzulernen.<\/p>\n<p>Am Ende der Diagnostikphase folgt ein Befundgespr\u00e4ch, in dem das weitere Vorgehen besprochen wird, falls eine Therapie erforderlich erscheint. In diesem Gespr\u00e4ch erl\u00e4utere ich als Fach\u00e4rztin auch eine m\u00f6gliche Medikation, die ich ggf. in Zusammenarbeit mit dem Haus- oder Kinderarzt vornehmen und regelm\u00e4\u00dfig \u00fcberwachen kann. Andere Therapien k\u00f6nnen eventuell besser am Heimatort erfolgen.<\/p>\n<p>[\/et_pb_toggle][et_pb_toggle title=&#8220;Tiefenpsychologisch fundierte Psychotherapie&#8220; closed_toggle_text_color=&#8220;gcid-1cecad6d-8858-420c-99fb-a95c21ff36a9&#8243; open_icon_color=&#8220;#cbbb9f&#8220; _builder_version=&#8220;4.27.0&#8243; _module_preset=&#8220;6d8c894a-8b5e-4db8-8c10-3449ab3ac8a5&#8243; global_colors_info=&#8220;{%22gcid-1cecad6d-8858-420c-99fb-a95c21ff36a9%22:%91%22closed_toggle_text_color%22%93}&#8220;]<\/p>\n<p>Das Verfahren wird im Einzel- und Kleingruppensetting angeboten und stellt eine weiterentwickelte Form der Psychoanalyse dar, die vermehrt den Fokus auf den Aktualkonflikt lenkt und das Therapieziel somit auf einen Teilbereich ausrichtet, d.h. die aktuelle Lebens- und Konfliktsituation, Verarbeitungsm\u00f6glichkeiten im bisherigen Lebensumfeld, der Familie etc. eruiert und nach einer Adaptation an die Herausforderungen von anstehenden Schwellensituationen und Entwicklungsschritten gemeinsam sucht. Das Verfahren dient auch der Unterst\u00fctzung der Pers\u00f6nlichkeits- und Identit\u00e4tsentwicklung.<\/p>\n<p>[\/et_pb_toggle][et_pb_toggle title=&#8220;Katathymes Bilderleben&#8220; open_icon_color=&#8220;#cbbb9f&#8220; _builder_version=&#8220;4.27.0&#8243; _module_preset=&#8220;6d8c894a-8b5e-4db8-8c10-3449ab3ac8a5&#8243; global_colors_info=&#8220;{}&#8220;]<\/p>\n<p>Diese spezielle Technik ordnet sich der o. g. tiefenpsychologische Behandlung zu und greift imaginative Techniken wie den Tagtraum auf, um einen besseren emotionalen Zugang zu Ursachen der Beschwerden und auch Stabilisierung zu erzeugen. Oft kann auf dieser Ebene auch bereits probegehandelt werden, bevor L\u00f6sungen f\u00fcr den Alltag gefunden werden. Auch wird hierbei von der oft kognitiv getragenen Gespr\u00e4chstechnik abgewichen, entstandene innere Bilder werden zu Papier gebracht und dienen ggf dem weiteren Diskurs.<\/p>\n<p>[\/et_pb_toggle][et_pb_toggle title=&#8220;Entspannungsverfahren&#8220; open_icon_color=&#8220;#cbbb9f&#8220; _builder_version=&#8220;4.27.0&#8243; _module_preset=&#8220;6d8c894a-8b5e-4db8-8c10-3449ab3ac8a5&#8243; global_colors_info=&#8220;{}&#8220;]<\/p>\n<p>Die progressive Muskelentspannung und Autogenes Training haben als wissenschaftlich anerkannte Verfahren weitverbreitet Einzug in die Behandlung verschiedener Stresssymptome und psychosomatischer Beschwerden gehalten und sind auch pr\u00e4ventiv einsetzbar. Ziel ist es nach hinl\u00e4nglicher Einf\u00fchrung die \u00dcbungen im Alltag regelm\u00e4\u00dfig und selbst\u00e4ndig einzusetzen. K\u00f6rperwahrnehmung, Konzentration, Wohlbefinden und Schlaf sowie emotionale Regulation verbessern sich sp\u00fcrbar wie auch das Gef\u00fchl der Selbstwirksamkeit.<\/p>\n<p>[\/et_pb_toggle][et_pb_toggle title=&#8220;Psychopharmakologische Beratung und Behandlung&#8220; open_icon_color=&#8220;#cbbb9f&#8220; _builder_version=&#8220;4.27.0&#8243; _module_preset=&#8220;6d8c894a-8b5e-4db8-8c10-3449ab3ac8a5&#8243; global_colors_info=&#8220;{}&#8220;]<\/p>\n<p>Als Fach\u00e4rztin berate ich umfassend zu den medikament\u00f6sen M\u00f6glichkeiten mit Wirkweisen und Risiko-\/Nebenwirkungsprofilen. Im Falle einer Neueinstellung f\u00fchre ich diese engmaschig und kleinschrittig durch und arbeite betreffend der \u00fcblichen Laborkontrollen mit den Haus- und Kinder\u00e4rzten zusammen. Regelm\u00e4\u00dfige Verlaufstermine geh\u00f6ren ebenfalls zur Kl\u00e4rung der Dauer, Anpassung oder auch Beendigung der Behandlung.<\/p>\n<p>[\/et_pb_toggle][et_pb_toggle title=&#8220;Systemische Therapie&#8220; open_icon_color=&#8220;#cbbb9f&#8220; _builder_version=&#8220;4.27.0&#8243; _module_preset=&#8220;6d8c894a-8b5e-4db8-8c10-3449ab3ac8a5&#8243; global_colors_info=&#8220;{}&#8220;]<\/p>\n<p>Diese Form der Therapie und Beratung entstand aus den tiefenpsychologischen Verfahren und nimmt explizit das System Familie bzw. Lebensumfeld eines sogenannten Symptomtr\u00e4gers in den Fokus, sucht mit und in dieser aufrechterhaltende Faktoren wie L\u00f6sungsans\u00e4tze und beinhaltet auch die Teilnahme m\u00f6glichst mehrerer involvierter Personen in ggf. wechselnden Konstellationen.<\/p>\n<p>[\/et_pb_toggle][et_pb_toggle title=&#8220;Psychodrama&#8220; open_icon_color=&#8220;#cbbb9f&#8220; _builder_version=&#8220;4.27.0&#8243; _module_preset=&#8220;6d8c894a-8b5e-4db8-8c10-3449ab3ac8a5&#8243; global_colors_info=&#8220;{}&#8220;]<\/p>\n<p>Dieses Verfahren entwickelte sich ebenfalls aus der tiefenpsychologischen Therapie als handlungsorientierter Gegenentwurf zur Analyse weiter und beinhaltet neben Aufstellungstechniken weitere M\u00f6glichkeiten dem hartn\u00e4ckigen Leiden eine Bedeutung und alternative Ver\u00e4nderungsm\u00f6glichkeiten zu geben in Spiel, Geschichten u.a.m.<\/p>\n<p>[\/et_pb_toggle][\/et_pb_column][et_pb_column type=&#8220;1_2&#8243; specialty_columns=&#8220;2&#8243; _builder_version=&#8220;4.16&#8243; custom_padding=&#8220;|||&#8220; global_colors_info=&#8220;{}&#8220; custom_padding__hover=&#8220;|||&#8220;][et_pb_row_inner _builder_version=&#8220;4.27.0&#8243; _module_preset=&#8220;default&#8220; global_colors_info=&#8220;{}&#8220;][et_pb_column_inner saved_specialty_column_type=&#8220;1_2&#8243; _builder_version=&#8220;4.27.0&#8243; _module_preset=&#8220;7790b59a-6747-49e6-8729-4f8f45ef7d01&#8243; global_colors_info=&#8220;{}&#8220;][et_pb_blurb title=&#8220;Wichtig&#8220; image_icon_width=&#8220;20px&#8220; icon_alignment=&#8220;right&#8220; _builder_version=&#8220;4.27.0&#8243; _module_preset=&#8220;default&#8220; header_font=&#8220;|600|||||||&#8220; header_text_color=&#8220;gcid-1cecad6d-8858-420c-99fb-a95c21ff36a9&#8243; header_font_size=&#8220;17px&#8220; custom_padding=&#8220;30px|30px|30px|30px|true|true&#8220; box_shadow_style=&#8220;preset3&#8243; box_shadow_vertical=&#8220;0px&#8220; box_shadow_blur=&#8220;50px&#8220; box_shadow_spread=&#8220;0px&#8220; box_shadow_color=&#8220;rgba(131,146,167,0.2)&#8220; global_colors_info=&#8220;{%22gcid-1cecad6d-8858-420c-99fb-a95c21ff36a9%22:%91%22header_text_color%22%93}&#8220;]<\/p>\n<div>Zu Beginn des Verfahrens m\u00fcssen alle Sorgeberechtigten ihre Zustimmung erteilen. (Ggf. ist im Vorfeld die Zustimmung bei getrennt lebenden Elternteilen einzuholen.)<\/div>\n<p>[\/et_pb_blurb][et_pb_blurb title=&#8220;Alternativen&#8220; _builder_version=&#8220;4.27.0&#8243; _module_preset=&#8220;default&#8220; header_font=&#8220;|600|||||||&#8220; header_text_color=&#8220;gcid-primary-color&#8220; header_font_size=&#8220;17px&#8220; background_color=&#8220;#FFFFFF&#8220; custom_padding=&#8220;30px|30px|30px|30px|true|true&#8220; box_shadow_style=&#8220;preset3&#8243; box_shadow_vertical=&#8220;0px&#8220; box_shadow_blur=&#8220;50px&#8220; box_shadow_color=&#8220;rgba(131,146,167,0.2)&#8220; global_colors_info=&#8220;{%22gcid-primary-color%22:%91%22header_text_color%22%93}&#8220;]<\/p>\n<div><\/div>\n<div>Abh\u00e4ngig von der spezifischen Problematik k\u00f6nnen andere Einrichtungen, z. B. Beratungsstellen und medizinische Spezialsprechstunden, hilfreich sein.<\/div>\n<p>[\/et_pb_blurb][et_pb_blurb title=&#8220;Kooperationen&#8220; _builder_version=&#8220;4.27.0&#8243; _module_preset=&#8220;default&#8220; header_font=&#8220;|600|||||||&#8220; header_text_color=&#8220;gcid-primary-color&#8220; header_font_size=&#8220;17px&#8220; custom_padding=&#8220;30px|30px|30px|30px|true|true&#8220; box_shadow_style=&#8220;preset3&#8243; box_shadow_vertical=&#8220;0px&#8220; box_shadow_blur=&#8220;50px&#8220; box_shadow_spread=&#8220;0px&#8220; box_shadow_color=&#8220;rgba(131,146,167,0.2)&#8220; global_colors_info=&#8220;{%22gcid-primary-color%22:%91%22header_text_color%22%93}&#8220;]<\/p>\n<div>\n<p class=\"MsoNormal\">Je nach Thematik k\u00f6nnen Gespr\u00e4che mit therapeutischen Kolleg*innen, der Integrationshilfe, Lehrkr\u00e4ften, Pflegestellen und der Jugendhilfe sowie Kliniken sinnvoll sein und <span style=\"font-family: 'Courier New';\">\u2212<\/span> Ihr Einverst\u00e4ndnis vorausgesetzt <span style=\"font-family: 'Courier New';\">\u2212<\/span> vereinbart werden.<\/p>\n<\/div>\n<p>[\/et_pb_blurb][\/et_pb_column_inner][\/et_pb_row_inner][\/et_pb_column][\/et_pb_section][et_pb_section fb_built=&#8220;1&#8243; admin_label=&#8220;Leistungen&#8220; _builder_version=&#8220;4.27.0&#8243; background_color=&#8220;rgba(0,0,0,0)&#8220; custom_margin=&#8220;|40px||40px|false|true&#8220; custom_margin_tablet=&#8220;&#8220; custom_margin_phone=&#8220;|20px||20px|false|true&#8220; custom_margin_last_edited=&#8220;on|tablet&#8220; custom_padding=&#8220;0px||50px||false|false&#8220; collapsed=&#8220;on&#8220; global_colors_info=&#8220;{}&#8220;][et_pb_row _builder_version=&#8220;4.27.0&#8243; _module_preset=&#8220;default&#8220; global_colors_info=&#8220;{}&#8220;][et_pb_column type=&#8220;4_4&#8243; _builder_version=&#8220;4.27.0&#8243; _module_preset=&#8220;default&#8220; global_colors_info=&#8220;{}&#8220;][et_pb_gallery gallery_ids=&#8220;68,20,386,383&#8243; gallery_orderby=&#8220;rand&#8220; show_title_and_caption=&#8220;off&#8220; show_pagination=&#8220;off&#8220; _builder_version=&#8220;4.27.0&#8243; _module_preset=&#8220;default&#8220; global_colors_info=&#8220;{}&#8220;][\/et_pb_gallery][\/et_pb_column][\/et_pb_row][\/et_pb_section]<\/p>\n","protected":false},"excerpt":{"rendered":"<p>AngebotIn diesem Bereich finden Sie Informationen zum Angebot und Ablauf der diagnostischen und therapeutischen Leistungen sowie wichtige Hinweise. Ich biete eine individuelle Begleitung an, die auf die Bed\u00fcrfnisse von Kindern und Jugendlichen abgestimmt ist. Im Rahmen der Diagnostik geht es darum, zu kl\u00e4ren, ob ein psychisches oder psychiatrisches St\u00f6rungsbild vorliegt. Dies beginnt mit einem Erstgespr\u00e4ch, [&hellip;]<\/p>\n","protected":false},"author":1,"featured_media":0,"parent":0,"menu_order":0,"comment_status":"closed","ping_status":"closed","template":"","meta":{"_et_pb_use_builder":"on","_et_pb_old_content":"","_et_gb_content_width":"","footnotes":""},"class_list":["post-179","page","type-page","status-publish","hentry"],"_links":{"self":[{"href":"https:\/\/praxis-im-wiemannshof.de\/index.php\/wp-json\/wp\/v2\/pages\/179"}],"collection":[{"href":"https:\/\/praxis-im-wiemannshof.de\/index.php\/wp-json\/wp\/v2\/pages"}],"about":[{"href":"https:\/\/praxis-im-wiemannshof.de\/index.php\/wp-json\/wp\/v2\/types\/page"}],"author":[{"embeddable":true,"href":"https:\/\/praxis-im-wiemannshof.de\/index.php\/wp-json\/wp\/v2\/users\/1"}],"replies":[{"embeddable":true,"href":"https:\/\/praxis-im-wiemannshof.de\/index.php\/wp-json\/wp\/v2\/comments?post=179"}],"version-history":[{"count":34,"href":"https:\/\/praxis-im-wiemannshof.de\/index.php\/wp-json\/wp\/v2\/pages\/179\/revisions"}],"predecessor-version":[{"id":594,"href":"https:\/\/praxis-im-wiemannshof.de\/index.php\/wp-json\/wp\/v2\/pages\/179\/revisions\/594"}],"wp:attachment":[{"href":"https:\/\/praxis-im-wiemannshof.de\/index.php\/wp-json\/wp\/v2\/media?parent=179"}],"curies":[{"name":"wp","href":"https:\/\/api.w.org\/{rel}","templated":true}]}}