{"id":243,"date":"2025-03-18T11:31:10","date_gmt":"2025-03-18T11:31:10","guid":{"rendered":"https:\/\/praxis-im-wiemannshof.de\/?page_id=243"},"modified":"2025-03-18T15:10:50","modified_gmt":"2025-03-18T15:10:50","slug":"impressum-2","status":"publish","type":"page","link":"https:\/\/praxis-im-wiemannshof.de\/index.php\/impressum-2\/","title":{"rendered":"Impressum"},"content":{"rendered":"<p>[et_pb_section fb_built=&#8220;1&#8243; custom_padding_last_edited=&#8220;on|desktop&#8220; admin_label=&#8220;Intro&#8220; _builder_version=&#8220;4.27.0&#8243; background_image=&#8220;https:\/\/praxis-im-wiemannshof.de\/wp-content\/uploads\/2020\/12\/dr-gudrun-bruenner-7.jpg&#8220; height=&#8220;350px&#8220; custom_margin=&#8220;40px|40px|-200px|40px|false|true&#8220; custom_margin_tablet=&#8220;&#8220; custom_margin_phone=&#8220;20px|20px||20px|false|true&#8220; custom_margin_last_edited=&#8220;on|desktop&#8220; custom_padding=&#8220;100px|0px|0px|||&#8220; custom_padding_tablet=&#8220;40px||||false|false&#8220; custom_padding_phone=&#8220;&#8220; bottom_divider_color=&#8220;#E09900&#8243; border_radii_phone=&#8220;on|20px|20px|20px|20px&#8220; border_radii_last_edited=&#8220;off|desktop&#8220; global_colors_info=&#8220;{}&#8220;][\/et_pb_section][et_pb_section fb_built=&#8220;1&#8243; admin_label=&#8220;Leistungen&#8220; _builder_version=&#8220;4.27.0&#8243; background_color=&#8220;rgba(0,0,0,0)&#8220; custom_margin=&#8220;|40px||40px|false|true&#8220; custom_margin_tablet=&#8220;&#8220; custom_margin_phone=&#8220;|20px||20px|false|true&#8220; custom_margin_last_edited=&#8220;on|tablet&#8220; custom_padding=&#8220;0px||50px||false|false&#8220; global_colors_info=&#8220;{}&#8220;][et_pb_row custom_padding_last_edited=&#8220;on|desktop&#8220; admin_label=&#8220;Zeile&#8220; _builder_version=&#8220;4.27.0&#8243; background_color=&#8220;#ffffff&#8220; z_index=&#8220;0&#8243; width_tablet=&#8220;90%&#8220; width_phone=&#8220;90%&#8220; width_last_edited=&#8220;on|desktop&#8220; max_width=&#8220;1200px&#8220; overflow-x=&#8220;visible&#8220; overflow-y=&#8220;visible&#8220; custom_margin=&#8220;-30px||||false|false&#8220; custom_padding=&#8220;0px|90px|60px|90px|false|true&#8220; custom_padding_tablet=&#8220;|||60px|false|false&#8220; custom_padding_phone=&#8220;|20px||20px|false|true&#8220; box_shadow_style=&#8220;preset3&#8243; box_shadow_vertical=&#8220;0px&#8220; box_shadow_blur=&#8220;50px&#8220; box_shadow_spread=&#8220;0px&#8220; box_shadow_color=&#8220;rgba(131,146,167,0.5)&#8220; global_colors_info=&#8220;{}&#8220; width__hover_enabled=&#8220;off&#8220;][et_pb_column type=&#8220;4_4&#8243; _builder_version=&#8220;4.27.0&#8243; custom_padding=&#8220;48px||||false|false&#8220; global_colors_info=&#8220;{}&#8220;][et_pb_text _builder_version=&#8220;4.27.0&#8243; text_font=&#8220;|300|||||||&#8220; text_font_size=&#8220;17px&#8220; text_line_height=&#8220;1.8em&#8220; header_font_size=&#8220;60px&#8220; header_line_height=&#8220;1.2em&#8220; header_2_font=&#8220;Taviraj||||||||&#8220; header_2_font_size=&#8220;46px&#8220; header_2_line_height=&#8220;1.2em&#8220; custom_padding=&#8220;||||false|false&#8220; custom_padding_tablet=&#8220;|30px||50px|true|false&#8220; custom_padding_phone=&#8220;|30px|||true|false&#8220; custom_padding_last_edited=&#8220;off|tablet&#8220; text_font_size_tablet=&#8220;&#8220; text_font_size_phone=&#8220;15px&#8220; text_font_size_last_edited=&#8220;on|desktop&#8220; header_2_font_size_tablet=&#8220;40px&#8220; header_2_font_size_phone=&#8220;30px&#8220; header_2_font_size_last_edited=&#8220;on|phone&#8220; global_colors_info=&#8220;{}&#8220;]<\/p>\n<h1>Impressum<\/h1>\n<p>[\/et_pb_text][et_pb_text _builder_version=&#8220;4.16&#8243; text_font=&#8220;||||||||&#8220; text_line_height=&#8220;1.8em&#8220; header_2_font=&#8220;Taviraj||||||||&#8220; header_2_font_size=&#8220;46px&#8220; header_2_line_height=&#8220;1.2em&#8220; custom_padding=&#8220;||||false|false&#8220; custom_padding_tablet=&#8220;|30px||50px|true|false&#8220; custom_padding_phone=&#8220;|30px|||true|false&#8220; custom_padding_last_edited=&#8220;off|tablet&#8220; text_font_size_tablet=&#8220;&#8220; text_font_size_phone=&#8220;15px&#8220; text_font_size_last_edited=&#8220;on|desktop&#8220; header_2_font_size_tablet=&#8220;40px&#8220; header_2_font_size_phone=&#8220;30px&#8220; header_2_font_size_last_edited=&#8220;on|phone&#8220; global_colors_info=&#8220;{}&#8220;]<\/p>\n<p>Im Impressum finden Sie alle wichtigen Informationen \u00fcber mich als Verantwortliche dieser Seite. Hier stelle ich meine Kontaktdaten sowie weitere rechtlich erforderliche Angaben bereit, um Transparenz und Erreichbarkeit zu gew\u00e4hrleisten.<\/p>\n<div><\/div>\n<div><\/div>\n<div><\/div>\n<p>[\/et_pb_text][\/et_pb_column][\/et_pb_row][\/et_pb_section][et_pb_section fb_built=&#8220;1&#8243; admin_label=&#8220;Services&#8220; module_class=&#8220;text-content&#8220; _builder_version=&#8220;4.27.0&#8243; background_color=&#8220;rgba(0,0,0,0)&#8220; custom_margin=&#8220;|40px||40px|false|true&#8220; custom_margin_tablet=&#8220;&#8220; custom_margin_phone=&#8220;|20px||20px|false|true&#8220; custom_margin_last_edited=&#8220;on|tablet&#8220; custom_padding=&#8220;0px||140px|||&#8220; global_colors_info=&#8220;{}&#8220;][et_pb_row custom_padding_last_edited=&#8220;on|desktop&#8220; _builder_version=&#8220;4.27.0&#8243; background_color=&#8220;RGBA(255,255,255,0)&#8220; z_index=&#8220;0&#8243; width_tablet=&#8220;90%&#8220; width_phone=&#8220;90%&#8220; width_last_edited=&#8220;on|desktop&#8220; max_width=&#8220;1200px&#8220; overflow-x=&#8220;visible&#8220; overflow-y=&#8220;visible&#8220; custom_margin=&#8220;-30px|auto||auto|false|false&#8220; custom_padding=&#8220;60px|60px|60px|60px|true|false&#8220; custom_padding_tablet=&#8220;|||60px|false|false&#8220; custom_padding_phone=&#8220;|20px||20px|false|true&#8220; locked=&#8220;off&#8220; global_colors_info=&#8220;{}&#8220; width__hover_enabled=&#8220;off&#8220;][et_pb_column type=&#8220;4_4&#8243; _builder_version=&#8220;4.16&#8243; background_color=&#8220;RGBA(255,255,255,0)&#8220; custom_padding=&#8220;30px|30px|30px|30px|true|true&#8220; global_colors_info=&#8220;{}&#8220;][et_pb_text _builder_version=&#8220;4.27.0&#8243; _module_preset=&#8220;default&#8220; background_color=&#8220;#FFFFFF&#8220; custom_margin=&#8220;|-30px||-30px|false|true&#8220; custom_padding=&#8220;30px|30px|22px|30px|false|true&#8220; hover_enabled=&#8220;0&#8243; box_shadow_style=&#8220;preset3&#8243; box_shadow_vertical=&#8220;0px&#8220; box_shadow_blur=&#8220;50px&#8220; box_shadow_spread=&#8220;0px&#8220; box_shadow_color=&#8220;rgba(131,146,167,0.2)&#8220; global_colors_info=&#8220;{}&#8220; sticky_enabled=&#8220;0&#8243;]<\/p>\n<h2>Angaben gem\u00e4\u00df \u00a7 5 TMG<\/h2>\n<h3>Kontakt<\/h3>\n<p><span class=h4>Dr. Gudrun Peters<\/span><br \/>\nPraxis f\u00fcr Kinder- und Jugendpsychiatrie und Psychotherapie<br \/>\nRheiderlandstr. 3<br \/>\n26831 Bunde<\/p>\n<h3><\/h3>\n<p>Telefon: 04953 9211566<br \/>\nE-Mail: <a href=\"mailto:kontakt@praxis-im-wiemannshof.de\"><span id=\"cloak3fc100f2835ba1183dcc1cd5f593aa78\">kontakt@praxis-im-wiemannshof.de<\/span><\/a><\/p>\n<h3>Berufsbezeichnung und berufsrechtliche Regelungen<\/h3>\n<p><span class=h4>Berufsbezeichnung:<\/span> Fach\u00e4rzte f\u00fcr Kinder- und Jugendpsychiatrie und Psychotherapie<br \/>\n<span class=h4>Zust\u00e4ndige Kammer:<\/span> \u00c4rztekammer<br \/>\n<span class=h4>Verliehen durch:<\/span> Niedersachsen<\/p>\n<p>Es gelten folgende <strong>berufsrechtliche Regelungen<\/strong>: Berufsordnung f\u00fcr \u00c4rzte<br \/>\nRegelungen einsehbar unter: <a href=\"http:\/\/www.aekn.de\/\" target=\"_blank\" rel=\"noopener noreferrer\">http:\/\/www.aekn.de\/<\/a><\/p>\n<h3>Angaben zur Berufshaftpflichtversicherung<\/h3>\n<p><span class=h4>Name und Sitz des Versicherers:<\/span><\/p>\n<p>Kassen\u00e4rztliche Vereinigung Niedersachsen<br \/>\nBerliner Allee 22<br \/>\n30175 Hannover[\/et_pb_text][et_pb_text module_class=&#8220;lilaLink&#8220; _builder_version=&#8220;4.27.0&#8243; _module_preset=&#8220;default&#8220; background_color=&#8220;#FFFFFF&#8220; custom_margin=&#8220;|-30px||-30px|false|true&#8220; custom_padding=&#8220;30px|30px|30px|30px|true|true&#8220; box_shadow_style=&#8220;preset3&#8243; box_shadow_vertical=&#8220;0px&#8220; box_shadow_blur=&#8220;50px&#8220; box_shadow_spread=&#8220;0px&#8220; box_shadow_color=&#8220;rgba(131,146,167,0.2)&#8220; global_colors_info=&#8220;{}&#8220;]<\/p>\n<h2>Design &amp; Programmierung<\/h2>\n<p><a href=\"https:\/\/www.snc-it.com\/\" target=\"_blank\" rel=\"noopener noreferrer\"><span class=h4>SNC-IT<\/span><\/a><br \/>Am Breiten Graben 31<br \/>31558 Hagenburg<\/p>\n<p>Telefon: +49 5033 9632-0<br \/>E-Mail: <a href=\"mailto:info@snc-it.com\"><span id=\"cloak50d6945dda58fcea905c715bd91ccb08\">info@snc-it.com<\/span><\/a>\u00a0<\/p>\n<p>[\/et_pb_text][et_pb_text _builder_version=&#8220;4.27.0&#8243; _module_preset=&#8220;default&#8220; background_color=&#8220;#FFFFFF&#8220; custom_margin=&#8220;|-30px||-30px|false|true&#8220; custom_padding=&#8220;30px|30px|30px|30px|true|true&#8220; box_shadow_style=&#8220;preset3&#8243; box_shadow_vertical=&#8220;0px&#8220; box_shadow_blur=&#8220;50px&#8220; box_shadow_spread=&#8220;0px&#8220; box_shadow_color=&#8220;rgba(131,146,167,0.2)&#8220; global_colors_info=&#8220;{}&#8220;]<\/p>\n<h2>Streitschlichtung<\/h2>\n<h2><\/h2>\n<p>Die Europ\u00e4ische Kommission stellt eine Plattform zur Online-Streitbeilegung (OS) bereit: <a href=\"https:\/\/ec.europa.eu\/consumers\/odr\" target=\"_blank\" rel=\"noopener noreferrer\">https:\/\/ec.europa.eu\/consumers\/odr<\/a>.<br \/>Unsere E-Mail-Adresse finden Sie oben im Impressum.<\/p>\n<p>Wir sind nicht bereit oder verpflichtet, an Streitbeilegungsverfahren vor einer Verbraucherschlichtungsstelle teilzunehmen.<\/p>\n<p>[\/et_pb_text][et_pb_text _builder_version=&#8220;4.27.0&#8243; _module_preset=&#8220;default&#8220; background_color=&#8220;#FFFFFF&#8220; custom_margin=&#8220;|-30px||-30px|false|true&#8220; custom_padding=&#8220;30px|30px|30px|30px|true|true&#8220; box_shadow_style=&#8220;preset3&#8243; box_shadow_vertical=&#8220;0px&#8220; box_shadow_blur=&#8220;50px&#8220; box_shadow_spread=&#8220;0px&#8220; box_shadow_color=&#8220;rgba(131,146,167,0.2)&#8220; global_colors_info=&#8220;{}&#8220;]<\/p>\n<h2>Haftung<\/h2>\n<h3>Haftung f\u00fcr Inhalte<\/h3>\n<p>Als Diensteanbieter sind wir gem\u00e4\u00df \u00a7 7 Abs.1 TMG f\u00fcr eigene Inhalte auf diesen Seiten nach den allgemeinen Gesetzen verantwortlich. Nach \u00a7\u00a7 8 bis 10 TMG sind wir als Diensteanbieter jedoch nicht verpflichtet, \u00fcbermittelte oder gespeicherte fremde Informationen zu \u00fcberwachen oder nach Umst\u00e4nden zu forschen, die auf eine rechtswidrige T\u00e4tigkeit hinweisen.<\/p>\n<p>Verpflichtungen zur Entfernung oder Sperrung der Nutzung von Informationen nach den allgemeinen Gesetzen bleiben hiervon unber\u00fchrt. Eine diesbez\u00fcgliche Haftung ist jedoch erst ab dem Zeitpunkt der Kenntnis einer konkreten Rechtsverletzung m\u00f6glich. Bei Bekanntwerden von entsprechenden Rechtsverletzungen werden wir diese Inhalte umgehend entfernen.<\/p>\n<h3>Haftung f\u00fcr Links<\/h3>\n<p>Unser Angebot enth\u00e4lt Links zu externen Websites Dritter, auf deren Inhalte wir keinen Einfluss haben. Deshalb k\u00f6nnen wir f\u00fcr diese fremden Inhalte auch keine Gew\u00e4hr \u00fcbernehmen. F\u00fcr die Inhalte der verlinkten Seiten ist stets der jeweilige Anbieter oder Betreiber der Seiten verantwortlich. Die verlinkten Seiten wurden zum Zeitpunkt der Verlinkung auf m\u00f6gliche Rechtsverst\u00f6\u00dfe \u00fcberpr\u00fcft. Rechtswidrige Inhalte waren zum Zeitpunkt der Verlinkung nicht erkennbar.<\/p>\n<p>Eine permanente inhaltliche Kontrolle der verlinkten Seiten ist jedoch ohne konkrete Anhaltspunkte einer Rechtsverletzung nicht zumutbar. Bei Bekanntwerden von Rechtsverletzungen werden wir derartige Links umgehend entfernen.<\/p>\n<p>[\/et_pb_text][et_pb_text _builder_version=&#8220;4.27.0&#8243; _module_preset=&#8220;default&#8220; background_color=&#8220;#FFFFFF&#8220; custom_margin=&#8220;|-30px||-30px|false|true&#8220; custom_padding=&#8220;30px|30px|30px|30px|true|true&#8220; box_shadow_style=&#8220;preset3&#8243; box_shadow_vertical=&#8220;0px&#8220; box_shadow_blur=&#8220;50px&#8220; box_shadow_spread=&#8220;0px&#8220; box_shadow_color=&#8220;rgba(131,146,167,0.2)&#8220; global_colors_info=&#8220;{}&#8220;]<\/p>\n<h2>Urheberrecht<\/h2>\n<p>Die durch die Seitenbetreiber erstellten Inhalte und Werke auf diesen Seiten unterliegen dem deutschen Urheberrecht. Die Vervielf\u00e4ltigung, Bearbeitung, Verbreitung und jede Art der Verwertung au\u00dferhalb der Grenzen des Urheberrechtes bed\u00fcrfen der schriftlichen Zustimmung des jeweiligen Autors bzw. Erstellers. Downloads und Kopien dieser Seite sind nur f\u00fcr den privaten, nicht kommerziellen Gebrauch gestattet.<\/p>\n<p>Soweit die Inhalte auf dieser Seite nicht vom Betreiber erstellt wurden, werden die Urheberrechte Dritter beachtet. Insbesondere werden Inhalte Dritter als solche gekennzeichnet. Sollten Sie trotzdem auf eine Urheberrechtsverletzung aufmerksam werden, bitten wir um einen entsprechenden Hinweis. Bei Bekanntwerden von Rechtsverletzungen werden wir derartige Inhalte umgehend entfernen.<\/p>\n<p>[\/et_pb_text][\/et_pb_column][\/et_pb_row][\/et_pb_section]<\/p>\n","protected":false},"excerpt":{"rendered":"<p>ImpressumIm Impressum finden Sie alle wichtigen Informationen \u00fcber mich als Verantwortliche dieser Seite. Hier stelle ich meine Kontaktdaten sowie weitere rechtlich erforderliche Angaben bereit, um Transparenz und Erreichbarkeit zu gew\u00e4hrleisten. Angaben gem\u00e4\u00df \u00a7 5 TMG Kontakt Dr. Gudrun Peters Praxis f\u00fcr Kinder- und Jugendpsychiatrie und Psychotherapie Rheiderlandstr. 3 26831 Bunde Telefon: 04953 9211566 E-Mail: kontakt@praxis-im-wiemannshof.de [&hellip;]<\/p>\n","protected":false},"author":1,"featured_media":0,"parent":0,"menu_order":0,"comment_status":"closed","ping_status":"closed","template":"","meta":{"_et_pb_use_builder":"on","_et_pb_old_content":"","_et_gb_content_width":"","footnotes":""},"class_list":["post-243","page","type-page","status-publish","hentry"],"_links":{"self":[{"href":"https:\/\/praxis-im-wiemannshof.de\/index.php\/wp-json\/wp\/v2\/pages\/243"}],"collection":[{"href":"https:\/\/praxis-im-wiemannshof.de\/index.php\/wp-json\/wp\/v2\/pages"}],"about":[{"href":"https:\/\/praxis-im-wiemannshof.de\/index.php\/wp-json\/wp\/v2\/types\/page"}],"author":[{"embeddable":true,"href":"https:\/\/praxis-im-wiemannshof.de\/index.php\/wp-json\/wp\/v2\/users\/1"}],"replies":[{"embeddable":true,"href":"https:\/\/praxis-im-wiemannshof.de\/index.php\/wp-json\/wp\/v2\/comments?post=243"}],"version-history":[{"count":13,"href":"https:\/\/praxis-im-wiemannshof.de\/index.php\/wp-json\/wp\/v2\/pages\/243\/revisions"}],"predecessor-version":[{"id":554,"href":"https:\/\/praxis-im-wiemannshof.de\/index.php\/wp-json\/wp\/v2\/pages\/243\/revisions\/554"}],"wp:attachment":[{"href":"https:\/\/praxis-im-wiemannshof.de\/index.php\/wp-json\/wp\/v2\/media?parent=243"}],"curies":[{"name":"wp","href":"https:\/\/api.w.org\/{rel}","templated":true}]}}