{"id":333,"date":"2025-03-18T12:50:04","date_gmt":"2025-03-18T12:50:04","guid":{"rendered":"https:\/\/praxis-im-wiemannshof.de\/?page_id=333"},"modified":"2025-04-17T09:02:37","modified_gmt":"2025-04-17T09:02:37","slug":"kontakt","status":"publish","type":"page","link":"https:\/\/praxis-im-wiemannshof.de\/index.php\/kontakt\/","title":{"rendered":"Kontakt"},"content":{"rendered":"<p>[et_pb_section fb_built=&#8220;1&#8243; custom_padding_last_edited=&#8220;on|desktop&#8220; admin_label=&#8220;Intro&#8220; _builder_version=&#8220;4.27.0&#8243; background_image=&#8220;https:\/\/praxis-im-wiemannshof.de\/wp-content\/uploads\/2025\/03\/Gaenseland-kleiner-scaled.jpg&#8220; height=&#8220;350px&#8220; custom_margin=&#8220;40px|40px|-200px|40px|false|true&#8220; custom_margin_tablet=&#8220;&#8220; custom_margin_phone=&#8220;20px|20px||20px|false|true&#8220; custom_margin_last_edited=&#8220;on|desktop&#8220; custom_padding=&#8220;100px|0px|0px|||&#8220; custom_padding_tablet=&#8220;40px||||false|false&#8220; custom_padding_phone=&#8220;&#8220; bottom_divider_color=&#8220;#E09900&#8243; border_radii_phone=&#8220;on|20px|20px|20px|20px&#8220; border_radii_last_edited=&#8220;off|desktop&#8220; global_colors_info=&#8220;{}&#8220;][\/et_pb_section][et_pb_section fb_built=&#8220;1&#8243; admin_label=&#8220;Leistungen&#8220; _builder_version=&#8220;4.27.0&#8243; background_color=&#8220;rgba(0,0,0,0)&#8220; custom_margin=&#8220;|40px||40px|false|true&#8220; custom_margin_tablet=&#8220;&#8220; custom_margin_phone=&#8220;|20px||20px|false|true&#8220; custom_margin_last_edited=&#8220;on|tablet&#8220; custom_padding=&#8220;0px||50px||false|false&#8220; global_colors_info=&#8220;{}&#8220;][et_pb_row custom_padding_last_edited=&#8220;on|desktop&#8220; admin_label=&#8220;Zeile&#8220; _builder_version=&#8220;4.27.0&#8243; background_color=&#8220;#ffffff&#8220; z_index=&#8220;0&#8243; width_tablet=&#8220;90%&#8220; width_phone=&#8220;90%&#8220; width_last_edited=&#8220;on|desktop&#8220; max_width=&#8220;1200px&#8220; overflow-x=&#8220;visible&#8220; overflow-y=&#8220;visible&#8220; custom_margin=&#8220;-30px||||false|false&#8220; custom_padding=&#8220;0px|90px|60px|90px|false|true&#8220; custom_padding_tablet=&#8220;|||60px|false|false&#8220; custom_padding_phone=&#8220;|20px||20px|false|true&#8220; box_shadow_style=&#8220;preset3&#8243; box_shadow_vertical=&#8220;0px&#8220; box_shadow_blur=&#8220;50px&#8220; box_shadow_spread=&#8220;0px&#8220; box_shadow_color=&#8220;rgba(131,146,167,0.5)&#8220; global_colors_info=&#8220;{}&#8220; width__hover_enabled=&#8220;off&#8220;][et_pb_column type=&#8220;4_4&#8243; _builder_version=&#8220;4.27.0&#8243; custom_padding=&#8220;48px||||false|false&#8220; global_colors_info=&#8220;{}&#8220;][et_pb_text _builder_version=&#8220;4.27.0&#8243; text_font=&#8220;|300|||||||&#8220; text_line_height=&#8220;1.8em&#8220; header_font_size=&#8220;60px&#8220; header_line_height=&#8220;1.2em&#8220; header_2_font=&#8220;Taviraj||||||||&#8220; header_2_font_size=&#8220;46px&#8220; header_2_line_height=&#8220;1.2em&#8220; custom_padding=&#8220;||||false|false&#8220; custom_padding_tablet=&#8220;|30px||50px|true|false&#8220; custom_padding_phone=&#8220;|30px|||true|false&#8220; custom_padding_last_edited=&#8220;off|tablet&#8220; text_font_size_tablet=&#8220;&#8220; text_font_size_phone=&#8220;15px&#8220; text_font_size_last_edited=&#8220;on|desktop&#8220; header_2_font_size_tablet=&#8220;40px&#8220; header_2_font_size_phone=&#8220;30px&#8220; header_2_font_size_last_edited=&#8220;on|phone&#8220; global_colors_info=&#8220;{}&#8220;]<\/p>\n<h1>Kontakt<\/h1>\n<p>[\/et_pb_text][et_pb_text _builder_version=&#8220;4.16&#8243; text_font=&#8220;||||||||&#8220; text_line_height=&#8220;1.8em&#8220; header_2_font=&#8220;Taviraj||||||||&#8220; header_2_font_size=&#8220;46px&#8220; header_2_line_height=&#8220;1.2em&#8220; custom_padding=&#8220;||||false|false&#8220; custom_padding_tablet=&#8220;|30px||50px|true|false&#8220; custom_padding_phone=&#8220;|30px|||true|false&#8220; custom_padding_last_edited=&#8220;off|tablet&#8220; text_font_size_tablet=&#8220;&#8220; text_font_size_phone=&#8220;15px&#8220; text_font_size_last_edited=&#8220;on|desktop&#8220; header_2_font_size_tablet=&#8220;40px&#8220; header_2_font_size_phone=&#8220;30px&#8220; header_2_font_size_last_edited=&#8220;on|phone&#8220; global_colors_info=&#8220;{}&#8220;]<\/p>\n<p>Wenn Sie Fragen, Anmerkungen oder Interesse an einem Termin haben, k\u00f6nnen Sie mich \u00fcber die auf dieser Seite aufgef\u00fchrten Kontaktm\u00f6glichkeiten erreichen.<\/p>\n<div><\/div>\n<div><\/div>\n<div><\/div>\n<p>[\/et_pb_text][\/et_pb_column][\/et_pb_row][\/et_pb_section][et_pb_section fb_built=&#8220;1&#8243; _builder_version=&#8220;4.27.0&#8243; _module_preset=&#8220;default&#8220; global_colors_info=&#8220;{}&#8220;][et_pb_row column_structure=&#8220;1_2,1_2&#8243; _builder_version=&#8220;4.27.0&#8243; _module_preset=&#8220;default&#8220; global_colors_info=&#8220;{}&#8220;][et_pb_column type=&#8220;1_2&#8243; _builder_version=&#8220;4.27.0&#8243; _module_preset=&#8220;default&#8220; global_colors_info=&#8220;{}&#8220;][et_pb_contact_form use_spam_service=&#8220;on&#8220; recaptcha_list=&#8220;ReCaptcha-0&#8243; email=&#8220;praxis@wiemannshof.de&#8220; custom_message=&#8220;Anfrage \u00fcber die Website !||et_pb_line_break_holder||||et_pb_line_break_holder||Name:  %%Name%%||et_pb_line_break_holder||||et_pb_line_break_holder||Vorname:  %%Vorname%%||et_pb_line_break_holder||||et_pb_line_break_holder||Email:  %%Email%%||et_pb_line_break_holder||||et_pb_line_break_holder||Telefon:  %%Telefon%%||et_pb_line_break_holder||||et_pb_line_break_holder||||et_pb_line_break_holder||Nachricht||et_pb_line_break_holder||||et_pb_line_break_holder||%%Nachricht%%||et_pb_line_break_holder||&#8220; success_message=&#8220;Vielen Dank f\u00fcr Ihre Anfrage!&#8220; submit_button_text=&#8220;Nachricht senden&#8220; _builder_version=&#8220;4.27.0&#8243; _dynamic_attributes=&#8220;link_option_url&#8220; _unique_id=&#8220;6edb8ee4-b330-4b07-818e-ab0fe14f8d80&#8243; form_field_background_color=&#8220;RGBA(255,255,255,0)&#8220; form_field_text_color=&#8220;gcid-body-color&#8220; form_field_focus_background_color=&#8220;rgba(203,187,159,0.5)&#8220; form_field_focus_text_color=&#8220;#5b5b5b&#8220; form_field_custom_margin=&#8220;||30px||false|false&#8220; form_field_font_size=&#8220;17px&#8220; form_field_line_height=&#8220;1.8em&#8220; custom_button=&#8220;on&#8220; button_text_size=&#8220;17px&#8220; button_text_color=&#8220;#5b5b5b&#8220; button_bg_color=&#8220;#cbbb9f&#8220; button_bg_color_gradient_direction=&#8220;172deg&#8220; button_bg_color_gradient_stops=&#8220;#cbbb9f 0%|#cc9333 100%&#8220; button_bg_color_gradient_start=&#8220;#cbbb9f&#8220; button_bg_color_gradient_end=&#8220;#cc9333&#8243; button_border_color=&#8220;rgba(0,0,0,0)&#8220; button_border_radius=&#8220;0px&#8220; button_font=&#8220;|600|||||||&#8220; button_icon=&#8220;&#x24;||divi||400&#8243; button_custom_padding=&#8220;7px||7px||false|false&#8220; animation_style=&#8220;flip&#8220; link_option_url=&#8220;@ET-DC@eyJkeW5hbWljIjp0cnVlLCJjb250ZW50IjoicG9zdF9saW5rX3VybCIsInNldHRpbmdzIjp7fX0=@&#8220; border_width_all=&#8220;1px&#8220; border_color_all=&#8220;rgba(91,91,91,0.25)&#8220; box_shadow_style_button=&#8220;preset3&#8243; box_shadow_blur_button=&#8220;20px&#8220; box_shadow_spread_button=&#8220;-10px&#8220; box_shadow_color_button=&#8220;rgba(127,68,147,0.5)&#8220; global_colors_info=&#8220;{%22gcid-body-color%22:%91%22form_field_text_color%22%93}&#8220; button_bg_color__hover_enabled=&#8220;off&#8220;][et_pb_contact_field field_id=&#8220;Name&#8220; field_title=&#8220;Name&#8220; fullwidth_field=&#8220;on&#8220; _builder_version=&#8220;4.27.0&#8243; global_colors_info=&#8220;{}&#8220; button_text_size__hover_enabled=&#8220;off&#8220; button_one_text_size__hover_enabled=&#8220;off&#8220; button_two_text_size__hover_enabled=&#8220;off&#8220; button_text_color__hover_enabled=&#8220;off&#8220; button_one_text_color__hover_enabled=&#8220;off&#8220; button_two_text_color__hover_enabled=&#8220;off&#8220; button_border_width__hover_enabled=&#8220;off&#8220; button_one_border_width__hover_enabled=&#8220;off&#8220; button_two_border_width__hover_enabled=&#8220;off&#8220; button_border_color__hover_enabled=&#8220;off&#8220; button_one_border_color__hover_enabled=&#8220;off&#8220; button_two_border_color__hover_enabled=&#8220;off&#8220; button_border_radius__hover_enabled=&#8220;off&#8220; button_one_border_radius__hover_enabled=&#8220;off&#8220; button_two_border_radius__hover_enabled=&#8220;off&#8220; button_letter_spacing__hover_enabled=&#8220;off&#8220; button_one_letter_spacing__hover_enabled=&#8220;off&#8220; button_two_letter_spacing__hover_enabled=&#8220;off&#8220; button_bg_color__hover_enabled=&#8220;off&#8220; button_one_bg_color__hover_enabled=&#8220;off&#8220; button_two_bg_color__hover_enabled=&#8220;off&#8220;][\/et_pb_contact_field][et_pb_contact_field field_id=&#8220;Vorname&#8220; field_title=&#8220;Vorname&#8220; fullwidth_field=&#8220;on&#8220; _builder_version=&#8220;4.27.0&#8243; global_colors_info=&#8220;{}&#8220; button_text_size__hover_enabled=&#8220;off&#8220; button_one_text_size__hover_enabled=&#8220;off&#8220; button_two_text_size__hover_enabled=&#8220;off&#8220; button_text_color__hover_enabled=&#8220;off&#8220; button_one_text_color__hover_enabled=&#8220;off&#8220; button_two_text_color__hover_enabled=&#8220;off&#8220; button_border_width__hover_enabled=&#8220;off&#8220; button_one_border_width__hover_enabled=&#8220;off&#8220; button_two_border_width__hover_enabled=&#8220;off&#8220; button_border_color__hover_enabled=&#8220;off&#8220; button_one_border_color__hover_enabled=&#8220;off&#8220; button_two_border_color__hover_enabled=&#8220;off&#8220; button_border_radius__hover_enabled=&#8220;off&#8220; button_one_border_radius__hover_enabled=&#8220;off&#8220; button_two_border_radius__hover_enabled=&#8220;off&#8220; button_letter_spacing__hover_enabled=&#8220;off&#8220; button_one_letter_spacing__hover_enabled=&#8220;off&#8220; button_two_letter_spacing__hover_enabled=&#8220;off&#8220; button_bg_color__hover_enabled=&#8220;off&#8220; button_one_bg_color__hover_enabled=&#8220;off&#8220; button_two_bg_color__hover_enabled=&#8220;off&#8220;][\/et_pb_contact_field][et_pb_contact_field field_id=&#8220;Telefon&#8220; field_title=&#8220;Telefon&#8220; fullwidth_field=&#8220;on&#8220; _builder_version=&#8220;4.27.0&#8243; global_colors_info=&#8220;{}&#8220; button_text_size__hover_enabled=&#8220;off&#8220; button_one_text_size__hover_enabled=&#8220;off&#8220; button_two_text_size__hover_enabled=&#8220;off&#8220; button_text_color__hover_enabled=&#8220;off&#8220; button_one_text_color__hover_enabled=&#8220;off&#8220; button_two_text_color__hover_enabled=&#8220;off&#8220; button_border_width__hover_enabled=&#8220;off&#8220; button_one_border_width__hover_enabled=&#8220;off&#8220; button_two_border_width__hover_enabled=&#8220;off&#8220; button_border_color__hover_enabled=&#8220;off&#8220; button_one_border_color__hover_enabled=&#8220;off&#8220; button_two_border_color__hover_enabled=&#8220;off&#8220; button_border_radius__hover_enabled=&#8220;off&#8220; button_one_border_radius__hover_enabled=&#8220;off&#8220; button_two_border_radius__hover_enabled=&#8220;off&#8220; button_letter_spacing__hover_enabled=&#8220;off&#8220; button_one_letter_spacing__hover_enabled=&#8220;off&#8220; button_two_letter_spacing__hover_enabled=&#8220;off&#8220; button_bg_color__hover_enabled=&#8220;off&#8220; button_one_bg_color__hover_enabled=&#8220;off&#8220; button_two_bg_color__hover_enabled=&#8220;off&#8220;][\/et_pb_contact_field][et_pb_contact_field field_id=&#8220;Email&#8220; field_title=&#8220;Email&#8220; field_type=&#8220;email&#8220; fullwidth_field=&#8220;on&#8220; _builder_version=&#8220;4.27.0&#8243; global_colors_info=&#8220;{}&#8220; button_text_size__hover_enabled=&#8220;off&#8220; button_one_text_size__hover_enabled=&#8220;off&#8220; button_two_text_size__hover_enabled=&#8220;off&#8220; button_text_color__hover_enabled=&#8220;off&#8220; button_one_text_color__hover_enabled=&#8220;off&#8220; button_two_text_color__hover_enabled=&#8220;off&#8220; button_border_width__hover_enabled=&#8220;off&#8220; button_one_border_width__hover_enabled=&#8220;off&#8220; button_two_border_width__hover_enabled=&#8220;off&#8220; button_border_color__hover_enabled=&#8220;off&#8220; button_one_border_color__hover_enabled=&#8220;off&#8220; button_two_border_color__hover_enabled=&#8220;off&#8220; button_border_radius__hover_enabled=&#8220;off&#8220; button_one_border_radius__hover_enabled=&#8220;off&#8220; button_two_border_radius__hover_enabled=&#8220;off&#8220; button_letter_spacing__hover_enabled=&#8220;off&#8220; button_one_letter_spacing__hover_enabled=&#8220;off&#8220; button_two_letter_spacing__hover_enabled=&#8220;off&#8220; button_bg_color__hover_enabled=&#8220;off&#8220; button_one_bg_color__hover_enabled=&#8220;off&#8220; button_two_bg_color__hover_enabled=&#8220;off&#8220;][\/et_pb_contact_field][et_pb_contact_field field_id=&#8220;Nachricht&#8220; field_title=&#8220;Ihre Nachricht&#8220; field_type=&#8220;text&#8220; fullwidth_field=&#8220;on&#8220; _builder_version=&#8220;4.16&#8243; global_colors_info=&#8220;{}&#8220; button_text_size__hover_enabled=&#8220;off&#8220; button_one_text_size__hover_enabled=&#8220;off&#8220; button_two_text_size__hover_enabled=&#8220;off&#8220; button_text_color__hover_enabled=&#8220;off&#8220; button_one_text_color__hover_enabled=&#8220;off&#8220; button_two_text_color__hover_enabled=&#8220;off&#8220; button_border_width__hover_enabled=&#8220;off&#8220; button_one_border_width__hover_enabled=&#8220;off&#8220; button_two_border_width__hover_enabled=&#8220;off&#8220; button_border_color__hover_enabled=&#8220;off&#8220; button_one_border_color__hover_enabled=&#8220;off&#8220; button_two_border_color__hover_enabled=&#8220;off&#8220; button_border_radius__hover_enabled=&#8220;off&#8220; button_one_border_radius__hover_enabled=&#8220;off&#8220; button_two_border_radius__hover_enabled=&#8220;off&#8220; button_letter_spacing__hover_enabled=&#8220;off&#8220; button_one_letter_spacing__hover_enabled=&#8220;off&#8220; button_two_letter_spacing__hover_enabled=&#8220;off&#8220; button_bg_color__hover_enabled=&#8220;off&#8220; button_one_bg_color__hover_enabled=&#8220;off&#8220; button_two_bg_color__hover_enabled=&#8220;off&#8220;][\/et_pb_contact_field][\/et_pb_contact_form][\/et_pb_column][et_pb_column type=&#8220;1_2&#8243; _builder_version=&#8220;4.27.0&#8243; _module_preset=&#8220;default&#8220; global_colors_info=&#8220;{}&#8220;][et_pb_blurb title=&#8220;Praxiszeiten&#8220; _builder_version=&#8220;4.27.0&#8243; _module_preset=&#8220;default&#8220; header_font_size=&#8220;17px&#8220; background_color=&#8220;#FFFFFF&#8220; custom_padding=&#8220;30px|30px|30px|30px|true|true&#8220; custom_css_main_element=&#8220;||&#8220; box_shadow_style=&#8220;preset3&#8243; box_shadow_vertical=&#8220;0px&#8220; box_shadow_blur=&#8220;50px&#8220; box_shadow_color=&#8220;rgba(131,146,167,0.2)&#8220; global_colors_info=&#8220;{}&#8220;]<\/p>\n<div><\/div>\n<div>Termine nach Absprache per Email oder telefonisch<\/div>\n<div class=\"custom-list\">\n<div>montags und dienstags: <strong>12:00 \u2013 12:30 Uhr<\/strong><\/div>\n<div>donnerstags und freitags: <strong>7:30 \u2013 8:00 Uhr<\/strong><\/div>\n<\/div>\n<p>[\/et_pb_blurb][et_pb_blurb title=&#8220;Telefon&#8220; _builder_version=&#8220;4.27.0&#8243; _module_preset=&#8220;default&#8220; header_font_size=&#8220;17px&#8220; background_color=&#8220;#FFFFFF&#8220; custom_padding=&#8220;30px|30px|30px|30px|true|true&#8220; box_shadow_style=&#8220;preset3&#8243; box_shadow_vertical=&#8220;0px&#8220; box_shadow_blur=&#8220;50px&#8220; box_shadow_color=&#8220;rgba(131,146,167,0.2)&#8220; global_colors_info=&#8220;{}&#8220;]<\/p>\n<div><\/div>\n<div>04953 9211566<\/div>\n<p>[\/et_pb_blurb][et_pb_blurb title=&#8220;Email&#8220; _builder_version=&#8220;4.27.0&#8243; _module_preset=&#8220;default&#8220; header_font_size=&#8220;17px&#8220; background_color=&#8220;#FFFFFF&#8220; custom_padding=&#8220;30px|30px|30px|30px|true|true&#8220; box_shadow_style=&#8220;preset3&#8243; box_shadow_vertical=&#8220;0px&#8220; box_shadow_blur=&#8220;50px&#8220; box_shadow_color=&#8220;rgba(131,146,167,0.2)&#8220; global_colors_info=&#8220;{}&#8220;]<span><a href=\"mailto:praxis@wiemannshof.de\" style=\"color: #9d9d9d;\">praxis@wiemannshof.de<\/a><\/span>[\/et_pb_blurb][et_pb_code _builder_version=&#8220;4.27.0&#8243; _module_preset=&#8220;default&#8220; background_color=&#8220;#FFFFFF&#8220; custom_padding=&#8220;30px|30px|30px|30px|true|true&#8220; box_shadow_style=&#8220;preset3&#8243; box_shadow_vertical=&#8220;0px&#8220; box_shadow_blur=&#8220;50px&#8220; box_shadow_spread=&#8220;0px&#8220; box_shadow_color=&#8220;rgba(136,146,167,0.2)&#8220; global_colors_info=&#8220;{}&#8220;]<\/p>\n<h4><!-- [et_pb_line_break_holder] -->  Adresse<!-- [et_pb_line_break_holder] --><\/h4>\n<p><!-- [et_pb_line_break_holder] --><!-- [et_pb_line_break_holder] --><a href=\"#\" onclick=\"openMap(event)\" style=\"color: #9d9d9d; text-decoration: none;\">Rheiderlandstr. 3, 26831 Bunde<\/a><!-- [et_pb_line_break_holder] --><!-- [et_pb_line_break_holder] --><script><!-- [et_pb_line_break_holder] -->  function openMap(event) {<!-- [et_pb_line_break_holder] -->    event.preventDefault(); \/\/ Verhindert das Standardverhalten des Links<!-- [et_pb_line_break_holder] --><!-- [et_pb_line_break_holder] -->    var userAgent = navigator.userAgent || navigator.vendor || window.opera;<!-- [et_pb_line_break_holder] -->    var destination = \"Rheiderlandstr. 3, 26831 Bunde\";<!-- [et_pb_line_break_holder] --><!-- [et_pb_line_break_holder] -->    \/\/ Versuche, den aktuellen Standort des Nutzers zu ermitteln<!-- [et_pb_line_break_holder] -->    if (navigator.geolocation) {<!-- [et_pb_line_break_holder] -->      navigator.geolocation.getCurrentPosition(function (position) {<!-- [et_pb_line_break_holder] -->        var lat = position.coords.latitude;<!-- [et_pb_line_break_holder] -->        var lon = position.coords.longitude;<!-- [et_pb_line_break_holder] --><!-- [et_pb_line_break_holder] -->        \/\/ Apple Maps (iOS)<!-- [et_pb_line_break_holder] -->        if (\/iPhone|iPad|iPod\/i.test(userAgent)) {<!-- [et_pb_line_break_holder] -->          window.location.href = \"maps:\/\/?saddr=\" + lat + \",\" + lon + \"&daddr=\" + encodeURIComponent(destination);<!-- [et_pb_line_break_holder] -->        } <!-- [et_pb_line_break_holder] -->        \/\/ Google Maps (Android & Desktop)<!-- [et_pb_line_break_holder] -->        else {<!-- [et_pb_line_break_holder] -->          window.open(\"https:\/\/www.google.com\/maps\/dir\/?api=1&origin=\" + lat + \",\" + lon + \"&destination=\" + encodeURIComponent(destination), \"_blank\");<!-- [et_pb_line_break_holder] -->        }<!-- [et_pb_line_break_holder] -->      }, function (error) {<!-- [et_pb_line_break_holder] -->        \/\/ Falls der Standort nicht abgerufen werden kann, einfach Zieladresse \u00f6ffnen<!-- [et_pb_line_break_holder] -->        openWithoutLocation(userAgent, destination);<!-- [et_pb_line_break_holder] -->      });<!-- [et_pb_line_break_holder] -->    } else {<!-- [et_pb_line_break_holder] -->      \/\/ Falls Geolocation nicht unterst\u00fctzt wird, einfach Zieladresse \u00f6ffnen<!-- [et_pb_line_break_holder] -->      openWithoutLocation(userAgent, destination);<!-- [et_pb_line_break_holder] -->    }<!-- [et_pb_line_break_holder] -->  }<!-- [et_pb_line_break_holder] --><!-- [et_pb_line_break_holder] -->  function openWithoutLocation(userAgent, destination) {<!-- [et_pb_line_break_holder] -->    \/\/ Apple Maps<!-- [et_pb_line_break_holder] -->    if (\/iPhone|iPad|iPod\/i.test(userAgent)) {<!-- [et_pb_line_break_holder] -->      window.location.href = \"maps:\/\/?q=\" + encodeURIComponent(destination);<!-- [et_pb_line_break_holder] -->    } <!-- [et_pb_line_break_holder] -->    \/\/ Google Maps<!-- [et_pb_line_break_holder] -->    else {<!-- [et_pb_line_break_holder] -->      window.open(\"https:\/\/www.google.com\/maps?q=\" + encodeURIComponent(destination), \"_blank\");<!-- [et_pb_line_break_holder] -->    }<!-- [et_pb_line_break_holder] -->  }<!-- [et_pb_line_break_holder] --><\/script><!-- [et_pb_line_break_holder] -->[\/et_pb_code][\/et_pb_column][\/et_pb_row][\/et_pb_section]<\/p>\n","protected":false},"excerpt":{"rendered":"<p>KontaktWenn Sie Fragen, Anmerkungen oder Interesse an einem Termin haben, k\u00f6nnen Sie mich \u00fcber die auf dieser Seite aufgef\u00fchrten Kontaktm\u00f6glichkeiten erreichen. Termine nach Absprache per Email oder telefonisch montags und dienstags: 12:00 \u2013 12:30 Uhr donnerstags und freitags: 7:30 \u2013 8:00 Uhr 04953 9211566praxis@wiemannshof.de<\/p>\n","protected":false},"author":1,"featured_media":0,"parent":0,"menu_order":0,"comment_status":"closed","ping_status":"closed","template":"","meta":{"_et_pb_use_builder":"on","_et_pb_old_content":"","_et_gb_content_width":"","footnotes":""},"class_list":["post-333","page","type-page","status-publish","hentry"],"_links":{"self":[{"href":"https:\/\/praxis-im-wiemannshof.de\/index.php\/wp-json\/wp\/v2\/pages\/333"}],"collection":[{"href":"https:\/\/praxis-im-wiemannshof.de\/index.php\/wp-json\/wp\/v2\/pages"}],"about":[{"href":"https:\/\/praxis-im-wiemannshof.de\/index.php\/wp-json\/wp\/v2\/types\/page"}],"author":[{"embeddable":true,"href":"https:\/\/praxis-im-wiemannshof.de\/index.php\/wp-json\/wp\/v2\/users\/1"}],"replies":[{"embeddable":true,"href":"https:\/\/praxis-im-wiemannshof.de\/index.php\/wp-json\/wp\/v2\/comments?post=333"}],"version-history":[{"count":30,"href":"https:\/\/praxis-im-wiemannshof.de\/index.php\/wp-json\/wp\/v2\/pages\/333\/revisions"}],"predecessor-version":[{"id":572,"href":"https:\/\/praxis-im-wiemannshof.de\/index.php\/wp-json\/wp\/v2\/pages\/333\/revisions\/572"}],"wp:attachment":[{"href":"https:\/\/praxis-im-wiemannshof.de\/index.php\/wp-json\/wp\/v2\/media?parent=333"}],"curies":[{"name":"wp","href":"https:\/\/api.w.org\/{rel}","templated":true}]}}