{"id":490,"date":"2025-03-18T21:19:23","date_gmt":"2025-03-18T21:19:23","guid":{"rendered":"https:\/\/praxis-im-wiemannshof.de\/?page_id=490"},"modified":"2025-07-13T16:10:37","modified_gmt":"2025-07-13T16:10:37","slug":"landingpage","status":"publish","type":"page","link":"https:\/\/praxis-im-wiemannshof.de\/","title":{"rendered":"Landingpage"},"content":{"rendered":"<p>[et_pb_section fb_built=&#8220;1&#8243; custom_padding_last_edited=&#8220;on|desktop&#8220; admin_label=&#8220;Intro&#8220; _builder_version=&#8220;4.27.0&#8243; background_image=&#8220;https:\/\/praxis-im-wiemannshof.de\/wp-content\/uploads\/2020\/12\/praxis-im-wiemannshof2.jpg&#8220; height=&#8220;350px&#8220; custom_margin=&#8220;40px|40px|-200px|40px|false|true&#8220; custom_margin_tablet=&#8220;&#8220; custom_margin_phone=&#8220;20px|20px||20px|false|true&#8220; custom_margin_last_edited=&#8220;on|desktop&#8220; custom_padding=&#8220;100px|0px|0px|||&#8220; custom_padding_tablet=&#8220;40px||||false|false&#8220; custom_padding_phone=&#8220;&#8220; bottom_divider_color=&#8220;#E09900&#8243; border_radii_phone=&#8220;on|20px|20px|20px|20px&#8220; border_radii_last_edited=&#8220;off|desktop&#8220; global_colors_info=&#8220;{}&#8220;][\/et_pb_section][et_pb_section fb_built=&#8220;1&#8243; admin_label=&#8220;Leistungen&#8220; _builder_version=&#8220;4.27.0&#8243; background_color=&#8220;rgba(0,0,0,0)&#8220; custom_margin=&#8220;|40px||40px|false|true&#8220; custom_margin_tablet=&#8220;&#8220; custom_margin_phone=&#8220;|20px||20px|false|true&#8220; custom_margin_last_edited=&#8220;on|tablet&#8220; custom_padding=&#8220;0px||50px||false|false&#8220; global_colors_info=&#8220;{}&#8220;][et_pb_row column_structure=&#8220;3_5,2_5&#8243; custom_padding_last_edited=&#8220;on|desktop&#8220; admin_label=&#8220;Zeile&#8220; _builder_version=&#8220;4.27.0&#8243; background_color=&#8220;#ffffff&#8220; z_index=&#8220;0&#8243; width_tablet=&#8220;90%&#8220; width_phone=&#8220;90%&#8220; width_last_edited=&#8220;on|desktop&#8220; max_width=&#8220;1200px&#8220; overflow-x=&#8220;visible&#8220; overflow-y=&#8220;visible&#8220; custom_margin=&#8220;-30px|auto||auto|false|false&#8220; custom_padding=&#8220;0px|60px|60px|90px|false|false&#8220; custom_padding_tablet=&#8220;|||60px|false|false&#8220; custom_padding_phone=&#8220;|20px||20px|false|true&#8220; box_shadow_style=&#8220;preset3&#8243; box_shadow_vertical=&#8220;0px&#8220; box_shadow_blur=&#8220;50px&#8220; box_shadow_spread=&#8220;0px&#8220; box_shadow_color=&#8220;rgba(131,146,167,0.5)&#8220; global_colors_info=&#8220;{}&#8220; width__hover_enabled=&#8220;off&#8220;][et_pb_column type=&#8220;3_5&#8243; _builder_version=&#8220;4.27.0&#8243; custom_padding=&#8220;48px||||false|false&#8220; global_colors_info=&#8220;{}&#8220;][et_pb_text _builder_version=&#8220;4.27.0&#8243; text_font=&#8220;|300|||||||&#8220; text_line_height=&#8220;1.8em&#8220; header_2_font=&#8220;Taviraj||||||||&#8220; header_2_font_size=&#8220;46px&#8220; header_2_line_height=&#8220;1.2em&#8220; custom_padding=&#8220;||||false|false&#8220; custom_padding_tablet=&#8220;|30px||50px|true|false&#8220; custom_padding_phone=&#8220;|30px|||true|false&#8220; custom_padding_last_edited=&#8220;off|tablet&#8220; text_font_size_tablet=&#8220;&#8220; text_font_size_phone=&#8220;15px&#8220; text_font_size_last_edited=&#8220;on|desktop&#8220; header_2_font_size_tablet=&#8220;40px&#8220; header_2_font_size_phone=&#8220;30px&#8220; header_2_font_size_last_edited=&#8220;on|phone&#8220; global_colors_info=&#8220;{}&#8220;]<\/p>\n<h1>Herzlich Willkommen in der Facharztpraxis f\u00fcr Kinder- und Jugendpsychiatrie\/<br \/>-psychotherapie!<\/h1>\n<p>[\/et_pb_text][et_pb_button button_url=&#8220;https:\/\/praxis-im-wiemannshof.de\/index.php\/kontakt\/&#8220; button_text=&#8220;Direkter Kontakt&#8220; _builder_version=&#8220;4.27.0&#8243; _module_preset=&#8220;default&#8220; custom_button=&#8220;on&#8220; button_text_size=&#8220;17px&#8220; button_text_color=&#8220;gcid-1cecad6d-8858-420c-99fb-a95c21ff36a9&#8243; button_bg_color=&#8220;gcid-primary-color&#8220; button_border_width=&#8220;2px&#8220; button_border_color=&#8220;RGBA(255,255,255,0)&#8220; button_border_radius=&#8220;0px&#8220; button_font=&#8220;|600|||||||&#8220; button_icon=&#8220;&#x24;||divi||400&#8243; custom_padding=&#8220;7px||7px||false|false&#8220; box_shadow_style=&#8220;preset3&#8243; box_shadow_blur=&#8220;20px&#8220; box_shadow_spread=&#8220;-10px&#8220; box_shadow_color=&#8220;rgba(127,68,147,0.5)&#8220; global_colors_info=&#8220;{%22gcid-1cecad6d-8858-420c-99fb-a95c21ff36a9%22:%91%22button_text_color%22%93,%22gcid-primary-color%22:%91%22button_bg_color%22%93}&#8220;][\/et_pb_button][\/et_pb_column][et_pb_column type=&#8220;2_5&#8243; _builder_version=&#8220;4.27.0&#8243; custom_padding=&#8220;48px||||false|false&#8220; global_colors_info=&#8220;{}&#8220;][et_pb_image src=&#8220;https:\/\/praxis-im-wiemannshof.de\/wp-content\/uploads\/2020\/11\/dr-gudrun-bruenner.jpg&#8220; title_text=&#8220;rptnb&#8220; _builder_version=&#8220;4.27.0&#8243; _module_preset=&#8220;default&#8220; global_colors_info=&#8220;{}&#8220;][\/et_pb_image][\/et_pb_column][\/et_pb_row][\/et_pb_section][et_pb_section fb_built=&#8220;1&#8243; _builder_version=&#8220;4.27.0&#8243; _module_preset=&#8220;default&#8220; background_color=&#8220;rgba(203,187,159,0.5)&#8220; custom_padding=&#8220;20px||20px||false|false&#8220; top_divider_color=&#8220;#FFFFFF&#8220; top_divider_height=&#8220;50px&#8220; top_divider_repeat=&#8220;1x&#8220; bottom_divider_height=&#8220;50px&#8220; bottom_divider_repeat=&#8220;1x&#8220; global_colors_info=&#8220;{}&#8220;][et_pb_row _builder_version=&#8220;4.27.0&#8243; _module_preset=&#8220;default&#8220; global_colors_info=&#8220;{}&#8220;][et_pb_column type=&#8220;4_4&#8243; _builder_version=&#8220;4.27.0&#8243; _module_preset=&#8220;default&#8220; global_colors_info=&#8220;{}&#8220;][et_pb_text _builder_version=&#8220;4.27.0&#8243; _module_preset=&#8220;default&#8220; global_colors_info=&#8220;{}&#8220;]<\/p>\n<h2 style=\"text-align: center;\">Aktuelles<\/h2>\n<p>[\/et_pb_text][\/et_pb_column][\/et_pb_row][et_pb_row column_structure=&#8220;1_2,1_2&#8243; _builder_version=&#8220;4.27.0&#8243; _module_preset=&#8220;default&#8220; global_colors_info=&#8220;{}&#8220;][et_pb_column type=&#8220;1_2&#8243; _builder_version=&#8220;4.27.0&#8243; _module_preset=&#8220;default&#8220; global_colors_info=&#8220;{}&#8220;][et_pb_blurb title=&#8220;Urlaub&#8220; disabled_on=&#8220;off|off|off&#8220; _builder_version=&#8220;4.27.0&#8243; _module_preset=&#8220;default&#8220; header_font_size=&#8220;17px&#8220; background_color=&#8220;#FFFFFF&#8220; custom_padding=&#8220;30px|30px|30px|30px|true|true&#8220; box_shadow_style=&#8220;preset3&#8243; box_shadow_vertical=&#8220;0px&#8220; box_shadow_blur=&#8220;50px&#8220; box_shadow_color=&#8220;rgba(131,146,167,0.2)&#8220; global_colors_info=&#8220;{}&#8220;]<\/p>\n<p>\u00a0Die Praxis bleibt vom 24.7.25 bis zum 01.8.25 geschlossen! Bei dringenden Fragen melden Sie sich bitte in der vertretenden Praxis f\u00fcr Kinder- und Jugendpsychiatrie in Leer, Bremer Str. 15E-F, Tel.0491-9711979 oder Klinik f\u00fcr Kinder- und Jugendpsychiatrie in Aschendorf bei Akutsituationen: Tel. 04962-502150.<\/p>\n<p>[\/et_pb_blurb][\/et_pb_column][et_pb_column type=&#8220;1_2&#8243; _builder_version=&#8220;4.27.0&#8243; _module_preset=&#8220;default&#8220; global_colors_info=&#8220;{}&#8220;][et_pb_blurb title=&#8220;Neue Sprechzeiten&#8220; _builder_version=&#8220;4.27.0&#8243; _module_preset=&#8220;default&#8220; header_font_size=&#8220;17px&#8220; background_color=&#8220;#FFFFFF&#8220; custom_padding=&#8220;30px|30px|30px|30px|true|true&#8220; box_shadow_style=&#8220;preset3&#8243; box_shadow_vertical=&#8220;0px&#8220; box_shadow_blur=&#8220;50px&#8220; box_shadow_color=&#8220;rgba(131,146,167,0.2)&#8220; global_colors_info=&#8220;{}&#8220;]<\/p>\n<div><\/div>\n<div>Telefonzeiten:<\/div>\n<div class=\"custom-list\">\n<div>montags und dienstags: <strong>12:00 \u2013 12:30 Uhr<\/strong><\/div>\n<div>donnerstags und freitags: <strong>7:30 \u2013 8:00 Uhr<\/strong><\/div>\n<\/div>\n<p>[\/et_pb_blurb][et_pb_blurb title=&#8220;\u00dcbernahme&#8220; disabled_on=&#8220;on|on|on&#8220; _builder_version=&#8220;4.27.0&#8243; _module_preset=&#8220;default&#8220; header_font_size=&#8220;17px&#8220; background_color=&#8220;#FFFFFF&#8220; custom_padding=&#8220;30px|30px|30px|30px|true|true&#8220; box_shadow_style=&#8220;preset3&#8243; box_shadow_vertical=&#8220;0px&#8220; box_shadow_blur=&#8220;50px&#8220; box_shadow_color=&#8220;rgba(131,146,167,0.2)&#8220; disabled=&#8220;on&#8220; global_colors_info=&#8220;{}&#8220;]Ab 01.01.24 habe ich den kinder- und jugendpsychiatrischen Kassenarztsitz (h\u00e4lftig) von Herrn Georg Hammer aus Leer \u00fcbernommen.[\/et_pb_blurb][\/et_pb_column][\/et_pb_row][\/et_pb_section][et_pb_section fb_built=&#8220;1&#8243; _builder_version=&#8220;4.27.0&#8243; _module_preset=&#8220;default&#8220; global_colors_info=&#8220;{}&#8220;][et_pb_row _builder_version=&#8220;4.27.0&#8243; background_color=&#8220;gcid-primary-color&#8220; custom_padding=&#8220;0px||0px||true|false&#8220; global_colors_info=&#8220;{%22gcid-primary-color%22:%91%22background_color%22%93}&#8220;][et_pb_column type=&#8220;4_4&#8243; _builder_version=&#8220;4.16&#8243; global_colors_info=&#8220;{}&#8220;][et_pb_text _builder_version=&#8220;4.27.0&#8243; _module_preset=&#8220;default&#8220; text_text_color=&#8220;#FFFFFF&#8220; header_text_color=&#8220;#FFFFFF&#8220; custom_padding=&#8220;30px|30px|30px|30px|true|true&#8220; global_colors_info=&#8220;{}&#8220;]<\/p>\n<h2><span style=\"color: #ffffff;\">Dr. Gudrun Peters<\/span><\/h2>\n<p style=\"text-align: left;\">\n<p style=\"text-align: left;\"><strong>Als \u00c4rztin f\u00fcr Kinder- und Jugendpsychiatrie und -psychotherapie hei\u00dfe ich Euch und Sie willkommen.<\/strong><\/p>\n<p style=\"text-align: left;\"><strong>Ab dem 01.01.24 habe ich den kinder- und jugendpsychiatrischen Kassenarztsitz (h\u00e4lftig) von Herrn Georg Hammer aus Leer \u00fcbernommen. Meinen bisherigen kinder- und jugendpsychotherapeutischen Sitz (h\u00e4lftig) habe ich an Frau Eva Maria Moog (Verhaltenstherapie f\u00fcr Kinder und Jugendliche) in Weener \u00fcbergeben.<\/strong><\/p>\n<p>[\/et_pb_text][et_pb_button button_url=&#8220;https:\/\/praxis-im-wiemannshof.de\/index.php\/ueber-mich\/&#8220; button_text=&#8220;\u00dcber mich&#8220; _builder_version=&#8220;4.27.0&#8243; _module_preset=&#8220;default&#8220; custom_button=&#8220;on&#8220; button_text_size=&#8220;17px&#8220; button_text_color=&#8220;gcid-primary-color&#8220; button_bg_color=&#8220;#FFFFFF&#8220; button_border_width=&#8220;2px&#8220; button_border_color=&#8220;RGBA(255,255,255,0)&#8220; button_border_radius=&#8220;0px&#8220; button_font=&#8220;|600|||||||&#8220; button_icon=&#8220;&#x24;||divi||400&#8243; custom_margin=&#8220;-20px|30px|30px|30px|false|true&#8220; custom_padding=&#8220;7px||7px||false|false&#8220; box_shadow_style=&#8220;preset3&#8243; box_shadow_blur=&#8220;20px&#8220; box_shadow_spread=&#8220;-10px&#8220; box_shadow_color=&#8220;rgba(127,68,147,0.5)&#8220; global_colors_info=&#8220;{%22gcid-primary-color%22:%91%22button_text_color%22%93}&#8220;][\/et_pb_button][\/et_pb_column][\/et_pb_row][et_pb_row _builder_version=&#8220;4.27.0&#8243; _module_preset=&#8220;default&#8220; global_colors_info=&#8220;{}&#8220;][et_pb_column type=&#8220;4_4&#8243; _builder_version=&#8220;4.27.0&#8243; _module_preset=&#8220;default&#8220; background_color=&#8220;#ffffff&#8220; custom_padding=&#8220;20px|20px|20px|20px|true|true&#8220; box_shadow_style=&#8220;preset3&#8243; box_shadow_vertical=&#8220;0px&#8220; box_shadow_blur=&#8220;50px&#8220; box_shadow_spread=&#8220;0px&#8220; box_shadow_color=&#8220;rgba(131,146,167,0.2)&#8220; global_colors_info=&#8220;{}&#8220;][et_pb_text _builder_version=&#8220;4.27.0&#8243; _module_preset=&#8220;default&#8220; custom_padding=&#8220;10px|10px|0px|10px|false|true&#8220; global_colors_info=&#8220;{}&#8220;]<\/p>\n<h4>Praxiszeiten<\/h4>\n<div>Termine nach Absprache per Email oder telefonisch<\/div>\n<div class=\"custom-list\">\n<div>montags und dienstags: <strong>12:00 \u2013 12:30 Uhr<\/strong><\/div>\n<div>donnerstags und freitags: <strong>7:30 \u2013 8:00 Uhr<\/strong><\/div>\n<h4><\/h4>\n<h4><\/h4>\n<h4>N\u00f6tige Unterlagen<\/h4>\n<p>Gesundheitskarte der Krankenkasse<\/p>\n<h4><\/h4>\n<h4><\/h4>\n<h4>Praxisadresse<\/h4>\n<\/div>\n<p>[\/et_pb_text][et_pb_code _builder_version=&#8220;4.27.0&#8243; _module_preset=&#8220;default&#8220; min_height=&#8220;11.2px&#8220; custom_margin=&#8220;-25px||||false|false&#8220; custom_padding=&#8220;|10px||10px|false|true&#8220; global_colors_info=&#8220;{}&#8220;]<a href=\"#\" onclick=\"openMap(event)\" style=\"color: #9d9d9d; text-decoration: none;\">Rheiderlandstr. 3, 26831 Bunde<\/a><!-- [et_pb_line_break_holder] --><!-- [et_pb_line_break_holder] --><script><!-- [et_pb_line_break_holder] -->  function openMap(event) {<!-- [et_pb_line_break_holder] -->    var userAgent = navigator.userAgent || navigator.vendor || window.opera;<!-- [et_pb_line_break_holder] -->    var address = \"Rheiderlandstr. 3, 26831 Bunde\";<!-- [et_pb_line_break_holder] -->    <!-- [et_pb_line_break_holder] -->    \/\/ Pr\u00fcfen, ob das Ger\u00e4t ein mobiles Apple-Ger\u00e4t ist<!-- [et_pb_line_break_holder] -->    if (\/iPhone|iPad|iPod\/i.test(userAgent)) {<!-- [et_pb_line_break_holder] -->      window.location.href = \"maps:\/\/?q=\" + encodeURIComponent(address);<!-- [et_pb_line_break_holder] -->    } <!-- [et_pb_line_break_holder] -->    \/\/ Pr\u00fcfen, ob das Ger\u00e4t ein mobiles Android-Ger\u00e4t ist<!-- [et_pb_line_break_holder] -->    else if (\/Android\/i.test(userAgent)) {<!-- [et_pb_line_break_holder] -->      window.location.href = \"https:\/\/www.google.com\/maps?q=\" + encodeURIComponent(address);<!-- [et_pb_line_break_holder] -->    } <!-- [et_pb_line_break_holder] -->    \/\/ F\u00fcr Desktop-PCs (Windows, Mac)<!-- [et_pb_line_break_holder] -->    else {<!-- [et_pb_line_break_holder] -->      event.preventDefault(); \/\/ Verhindert das Standardverhalten des Links<!-- [et_pb_line_break_holder] -->      window.open(\"https:\/\/www.google.com\/maps?q=\" + encodeURIComponent(address), \"_blank\");<!-- [et_pb_line_break_holder] -->    }<!-- [et_pb_line_break_holder] -->  }<!-- [et_pb_line_break_holder] --><\/script><!-- [et_pb_line_break_holder] -->[\/et_pb_code][\/et_pb_column][\/et_pb_row][et_pb_row _builder_version=&#8220;4.27.0&#8243; _module_preset=&#8220;default&#8220; global_colors_info=&#8220;{}&#8220;][et_pb_column type=&#8220;4_4&#8243; _builder_version=&#8220;4.27.0&#8243; _module_preset=&#8220;default&#8220; global_colors_info=&#8220;{}&#8220;][et_pb_slider _builder_version=&#8220;4.27.0&#8243; _module_preset=&#8220;default&#8220; header_text_align=&#8220;center&#8220; button_alignment=&#8220;center&#8220; custom_margin=&#8220;-80px||||false|false&#8220; hover_transition_speed_curve=&#8220;ease-in-out&#8220; global_colors_info=&#8220;{}&#8220;][et_pb_slide heading=&#8220;Angebot&#8220; button_text=&#8220;Jetzt entdecken&#8220; button_link=&#8220;https:\/\/praxis-im-wiemannshof.de\/index.php\/angebot\/&#8220; use_bg_overlay=&#8220;off&#8220; arrows_custom_color=&#8220;gcid-primary-color&#8220; dot_nav_custom_color=&#8220;gcid-primary-color&#8220; _builder_version=&#8220;4.27.0&#8243; _module_preset=&#8220;default&#8220; header_level=&#8220;h2&#8243; header_text_align=&#8220;center&#8220; header_text_color=&#8220;gcid-1cecad6d-8858-420c-99fb-a95c21ff36a9&#8243; header_font_size=&#8220;32px&#8220; body_text_color=&#8220;gcid-body-color&#8220; background_color=&#8220;RGBA(255,255,255,0)&#8220; background_enable_color=&#8220;on&#8220; custom_button=&#8220;on&#8220; button_text_size=&#8220;17px&#8220; button_text_color=&#8220;gcid-1cecad6d-8858-420c-99fb-a95c21ff36a9&#8243; button_bg_color=&#8220;gcid-primary-color&#8220; button_border_width=&#8220;2px&#8220; button_border_color=&#8220;RGBA(255,255,255,0)&#8220; button_border_radius=&#8220;0px&#8220; button_font=&#8220;|600|||||||&#8220; button_use_icon=&#8220;on&#8220; button_icon=&#8220;&#x24;||divi||400&#8243; button_on_hover=&#8220;on&#8220; button_alignment=&#8220;center&#8220; button_custom_padding=&#8220;7px||7px||false|false&#8220; text_orientation=&#8220;left&#8220; background_layout=&#8220;light&#8220; box_shadow_style_button=&#8220;preset3&#8243; box_shadow_blur_button=&#8220;20px&#8220; box_shadow_spread_button=&#8220;-10px&#8220; box_shadow_color_button=&#8220;rgba(127,68,147,0.5)&#8220; global_colors_info=&#8220;{%22gcid-primary-color%22:%91%22arrows_custom_color%22,%22dot_nav_custom_color%22,%22button_bg_color%22%93,%22gcid-1cecad6d-8858-420c-99fb-a95c21ff36a9%22:%91%22header_text_color%22,%22button_text_color%22%93,%22gcid-body-color%22:%91%22body_text_color%22%93}&#8220; sticky_transition=&#8220;on&#8220;]<\/p>\n<p style=\"text-align: left;\">Ich biete eine individuelle Begleitung an, die auf die Bed\u00fcrfnisse von Kindern und Jugendlichen abgestimmt ist.<\/p>\n<p style=\"text-align: left;\">Psychotherapie f\u00fcr Erwachsene kann bei entsprechender Indikation und Kapazit\u00e4ten lediglich privat bzw. f\u00fcr Selbstzahler angeboten werden.<\/p>\n<p>[\/et_pb_slide][et_pb_slide heading=&#8220;Anmeldungen&#8220; button_text=&#8220;Kontakt aufnehmen&#8220; button_link=&#8220;https:\/\/praxis-im-wiemannshof.de\/index.php\/kontakt\/&#8220; use_bg_overlay=&#8220;off&#8220; arrows_custom_color=&#8220;gcid-primary-color&#8220; dot_nav_custom_color=&#8220;gcid-primary-color&#8220; _builder_version=&#8220;4.27.0&#8243; _module_preset=&#8220;default&#8220; header_level=&#8220;h2&#8243; header_text_align=&#8220;center&#8220; header_text_color=&#8220;gcid-1cecad6d-8858-420c-99fb-a95c21ff36a9&#8243; header_font_size=&#8220;32px&#8220; body_text_color=&#8220;gcid-body-color&#8220; background_color=&#8220;RGBA(255,255,255,0)&#8220; background_enable_color=&#8220;on&#8220; custom_button=&#8220;on&#8220; button_text_size=&#8220;17px&#8220; button_text_color=&#8220;gcid-1cecad6d-8858-420c-99fb-a95c21ff36a9&#8243; button_bg_color=&#8220;gcid-primary-color&#8220; button_border_width=&#8220;2px&#8220; button_border_color=&#8220;RGBA(255,255,255,0)&#8220; button_border_radius=&#8220;0px&#8220; button_font=&#8220;|600|||||||&#8220; button_use_icon=&#8220;on&#8220; button_icon=&#8220;&#x24;||divi||400&#8243; button_on_hover=&#8220;on&#8220; button_alignment=&#8220;center&#8220; button_custom_padding=&#8220;7px||7px||false|false&#8220; text_orientation=&#8220;left&#8220; background_layout=&#8220;light&#8220; box_shadow_style_button=&#8220;preset3&#8243; box_shadow_blur_button=&#8220;20px&#8220; box_shadow_spread_button=&#8220;-10px&#8220; box_shadow_color_button=&#8220;rgba(127,68,147,0.5)&#8220; global_colors_info=&#8220;{%22gcid-primary-color%22:%91%22arrows_custom_color%22,%22dot_nav_custom_color%22,%22button_bg_color%22%93,%22gcid-1cecad6d-8858-420c-99fb-a95c21ff36a9%22:%91%22header_text_color%22,%22button_text_color%22%93,%22gcid-body-color%22:%91%22body_text_color%22%93}&#8220; sticky_transition=&#8220;on&#8220;]<\/p>\n<p>Anmeldungen bitte \u00fcber das <strong>Kontaktformular<\/strong>, per <strong>Email<\/strong> oder einen <strong>Anruf<\/strong> ggf. auf dem Anrufbeantworter. So sind die Therapiestunden ungest\u00f6rt und wir k\u00f6nnen einen pers\u00f6nlichen Termin mit hinreichend Zeit und Raum verabreden. Bitte dabei die eigenen Kontaktdaten nicht vergessen anzugeben.<\/p>\n<p>[\/et_pb_slide][et_pb_slide heading=&#8220;Termine&#8220; button_text=&#8220;Termin vereinbaren&#8220; button_link=&#8220;https:\/\/praxis-im-wiemannshof.de\/index.php\/kontakt\/&#8220; use_bg_overlay=&#8220;off&#8220; arrows_custom_color=&#8220;gcid-primary-color&#8220; dot_nav_custom_color=&#8220;gcid-primary-color&#8220; _builder_version=&#8220;4.27.0&#8243; _module_preset=&#8220;default&#8220; header_level=&#8220;h2&#8243; header_text_align=&#8220;center&#8220; header_text_color=&#8220;gcid-1cecad6d-8858-420c-99fb-a95c21ff36a9&#8243; header_font_size=&#8220;32px&#8220; body_text_color=&#8220;gcid-body-color&#8220; background_color=&#8220;RGBA(255,255,255,0)&#8220; background_enable_color=&#8220;on&#8220; custom_button=&#8220;on&#8220; button_text_size=&#8220;17px&#8220; button_text_color=&#8220;gcid-1cecad6d-8858-420c-99fb-a95c21ff36a9&#8243; button_bg_color=&#8220;gcid-primary-color&#8220; button_border_width=&#8220;2px&#8220; button_border_color=&#8220;RGBA(255,255,255,0)&#8220; button_border_radius=&#8220;0px&#8220; button_font=&#8220;|600|||||||&#8220; button_use_icon=&#8220;on&#8220; button_icon=&#8220;&#x24;||divi||400&#8243; button_on_hover=&#8220;on&#8220; button_alignment=&#8220;center&#8220; button_custom_padding=&#8220;7px||7px||false|false&#8220; text_orientation=&#8220;left&#8220; background_layout=&#8220;light&#8220; box_shadow_style_button=&#8220;preset3&#8243; box_shadow_blur_button=&#8220;20px&#8220; box_shadow_spread_button=&#8220;-10px&#8220; box_shadow_color_button=&#8220;rgba(127,68,147,0.5)&#8220; global_colors_info=&#8220;{%22gcid-primary-color%22:%91%22arrows_custom_color%22,%22dot_nav_custom_color%22,%22button_bg_color%22%93,%22gcid-1cecad6d-8858-420c-99fb-a95c21ff36a9%22:%91%22header_text_color%22,%22button_text_color%22%93,%22gcid-body-color%22:%91%22body_text_color%22%93}&#8220; sticky_transition=&#8220;on&#8220;]<\/p>\n<p>Zum <strong>Ersttermin<\/strong> bitte die Gesundheitskarte mitbringen wie auch <strong>zu Beginn <\/strong><br \/><strong>jeden Quartals<\/strong> (andernfalls private Abrechnung erforderlich). Bei getrennt lebenden Sorgeberechtigten ist das <strong>Einverst\u00e4ndnis beider Sorgeberechtigten<\/strong> Voraussetzung.<\/p>\n<p>Die <strong>Termine sind verbindlich<\/strong> und im Verhinderungsfall baldm\u00f6glichst, sp\u00e4testens aber <strong>24h vor Termin<\/strong> abzusagen. Ansonsten behalte ich mir ein Ausfallhonorar vor.<\/p>\n<p>[\/et_pb_slide][\/et_pb_slider][\/et_pb_column][\/et_pb_row][\/et_pb_section]<\/p>\n","protected":false},"excerpt":{"rendered":"<p>Herzlich Willkommen in der Facharztpraxis f\u00fcr Kinder- und Jugendpsychiatrie\/-psychotherapie!Aktuelles\u00a0Die Praxis bleibt vom 24.7.25 bis zum 01.8.25 geschlossen! Bei dringenden Fragen melden Sie sich bitte in der vertretenden Praxis f\u00fcr Kinder- und Jugendpsychiatrie in Leer, Bremer Str. 15E-F, Tel.0491-9711979 oder Klinik f\u00fcr Kinder- und Jugendpsychiatrie in Aschendorf bei Akutsituationen: Tel. 04962-502150. Telefonzeiten: montags und dienstags: 12:00 [&hellip;]<\/p>\n","protected":false},"author":1,"featured_media":0,"parent":0,"menu_order":0,"comment_status":"closed","ping_status":"closed","template":"","meta":{"_et_pb_use_builder":"on","_et_pb_old_content":"","_et_gb_content_width":"","footnotes":""},"class_list":["post-490","page","type-page","status-publish","hentry"],"_links":{"self":[{"href":"https:\/\/praxis-im-wiemannshof.de\/index.php\/wp-json\/wp\/v2\/pages\/490"}],"collection":[{"href":"https:\/\/praxis-im-wiemannshof.de\/index.php\/wp-json\/wp\/v2\/pages"}],"about":[{"href":"https:\/\/praxis-im-wiemannshof.de\/index.php\/wp-json\/wp\/v2\/types\/page"}],"author":[{"embeddable":true,"href":"https:\/\/praxis-im-wiemannshof.de\/index.php\/wp-json\/wp\/v2\/users\/1"}],"replies":[{"embeddable":true,"href":"https:\/\/praxis-im-wiemannshof.de\/index.php\/wp-json\/wp\/v2\/comments?post=490"}],"version-history":[{"count":26,"href":"https:\/\/praxis-im-wiemannshof.de\/index.php\/wp-json\/wp\/v2\/pages\/490\/revisions"}],"predecessor-version":[{"id":597,"href":"https:\/\/praxis-im-wiemannshof.de\/index.php\/wp-json\/wp\/v2\/pages\/490\/revisions\/597"}],"wp:attachment":[{"href":"https:\/\/praxis-im-wiemannshof.de\/index.php\/wp-json\/wp\/v2\/media?parent=490"}],"curies":[{"name":"wp","href":"https:\/\/api.w.org\/{rel}","templated":true}]}}